{"id":378,"date":"2016-05-26T15:46:19","date_gmt":"2016-05-26T12:46:19","guid":{"rendered":"http:\/\/cmff.md\/?page_id=378"},"modified":"2022-04-04T15:55:11","modified_gmt":"2022-04-04T12:55:11","slug":"cabinetul-de-sanatate-a-reproducerii-clepsidra","status":"publish","type":"page","link":"https:\/\/cmff.md\/?page_id=378","title":{"rendered":"Cabinetul  de S\u0103n\u0103tate a Reproducerii  \u201dFAMILIA\u201d"},"content":{"rendered":"<p><span style=\"color: #000000;\">Persoanele au preg\u0103tire corespunz\u0103toare \u00een domeniul s\u0103n\u0103t\u0103\u021bii reproducerii.<\/span><\/p>\n<p><span style=\"color: #000000;\">Cabinetul va deservi \u0219i coordona activit\u0103\u021bile din domeniul s\u0103n\u0103t\u0103\u021bii reproducerii \u0219i planific\u0103rii familiei din \u00eentreg\u00a0 teritoriul\u00a0 administrativ.<\/span><\/p>\n<p><span style=\"color: #000000;\">Scopul de baz\u0103 a activit\u0103\u021bii cabinetului de s\u0103n\u0103tate\u00a0 a reproducerii\u00a0 este \u00eembun\u0103t\u0103\u021birea\u00a0 s\u0103n\u0103t\u0103\u021bii reproducerii.<\/span><\/p>\n<p><span style=\"color: #000000;\">Obiectivele\u00a0 generale ale activit\u0103\u021bii cabinetului de s\u0103n\u0103tate a reproducerii sunt:<\/span><\/p>\n<ol>\n<li><span style=\"color: #000000;\">Sus\u021binerea cuplurilor \u00een realizarea dreptului la reproducere;<\/span><\/li>\n<li><span style=\"color: #000000;\">Prevenirea sarcinelor nedorite;<\/span><\/li>\n<li><span style=\"color: #000000;\">Asigurarea efectu\u0103rii legale \u0219i \u00een condi\u021bii sigure a avortului cu\u00a0 consiliere\u00a0 pre \u0219i post-avort;<\/span><\/li>\n<li><span style=\"color: #000000;\">Prevenirea infec\u021biilor cu transmitere sexual\u0103;<\/span><\/li>\n<li><span style=\"color: #000000;\">Prevenirea \u0219i managmentul efectiv al infertilit\u0103\u021bii;<\/span><\/li>\n<li><span style=\"color: #000000;\">Referirea femeilor cu patologie genital\u0103 la CNSEGM \u0219i IMC\u0218OSM \u0219i C;<\/span><\/li>\n<li><span style=\"color: #000000;\">Propagarea m\u0103surolor de profilaxie primare \u0219i secundare a cancerului organelor genitale;<\/span><\/li>\n<li><span style=\"color: #000000;\">Efectuarea screeningului citologic pentru depistarea proceselor precanceroase \u0219i cancerul de col uterin;<\/span><\/li>\n<li><span style=\"color: #000000;\">Consilierea femeilor cu procese precanceroase;<\/span><\/li>\n<li><span style=\"color: #000000;\">Informarea \u0219i educarea\u00a0 persoanelor \u00een v\u00eersta \u00een problemele s\u0103n\u0103t\u0103\u021bii specifice v\u00eerstei;<\/span><\/li>\n<li><span style=\"color: #000000;\">Acordarea serviciilor medicale \u0219i prescrierea tratamentului hormonal de substitu\u021bie \u0219i profilaxia osteoporozei persoanelor \u00een v\u00eerst\u0103.<\/span><\/li>\n<\/ol>\n","protected":false},"excerpt":{"rendered":"<p>Persoanele au preg\u0103tire corespunz\u0103toare \u00een domeniul s\u0103n\u0103t\u0103\u021bii reproducerii. Cabinetul va deservi \u0219i coordona activit\u0103\u021bile din domeniul s\u0103n\u0103t\u0103\u021bii reproducerii \u0219i planific\u0103rii familiei din \u00eentreg\u00a0 teritoriul\u00a0 administrativ. Scopul de baz\u0103 a activit\u0103\u021bii cabinetului de s\u0103n\u0103tate\u00a0 a reproducerii\u00a0 este \u00eembun\u0103t\u0103\u021birea\u00a0 s\u0103n\u0103t\u0103\u021bii reproducerii. Obiectivele\u00a0 generale ale activit\u0103\u021bii cabinetului de s\u0103n\u0103tate a reproducerii sunt: Sus\u021binerea cuplurilor \u00een realizarea dreptului la [&hellip;]<\/p>\n","protected":false},"author":1,"featured_media":0,"parent":0,"menu_order":0,"comment_status":"closed","ping_status":"closed","template":"","meta":{"footnotes":""},"class_list":["post-378","page","type-page","status-publish","hentry"],"_links":{"self":[{"href":"https:\/\/cmff.md\/index.php?rest_route=\/wp\/v2\/pages\/378","targetHints":{"allow":["GET"]}}],"collection":[{"href":"https:\/\/cmff.md\/index.php?rest_route=\/wp\/v2\/pages"}],"about":[{"href":"https:\/\/cmff.md\/index.php?rest_route=\/wp\/v2\/types\/page"}],"author":[{"embeddable":true,"href":"https:\/\/cmff.md\/index.php?rest_route=\/wp\/v2\/users\/1"}],"replies":[{"embeddable":true,"href":"https:\/\/cmff.md\/index.php?rest_route=%2Fwp%2Fv2%2Fcomments&post=378"}],"version-history":[{"count":6,"href":"https:\/\/cmff.md\/index.php?rest_route=\/wp\/v2\/pages\/378\/revisions"}],"predecessor-version":[{"id":1942,"href":"https:\/\/cmff.md\/index.php?rest_route=\/wp\/v2\/pages\/378\/revisions\/1942"}],"wp:attachment":[{"href":"https:\/\/cmff.md\/index.php?rest_route=%2Fwp%2Fv2%2Fmedia&parent=378"}],"curies":[{"name":"wp","href":"https:\/\/api.w.org\/{rel}","templated":true}]}}