{"id":376,"date":"2016-05-26T15:46:41","date_gmt":"2016-05-26T12:46:41","guid":{"rendered":"http:\/\/cmff.md\/?page_id=376"},"modified":"2022-04-04T15:55:49","modified_gmt":"2022-04-04T12:55:49","slug":"centrul-comunitar-de-sanatate-mintala-speranta","status":"publish","type":"page","link":"https:\/\/cmff.md\/?page_id=376","title":{"rendered":"Centrul Comunitar de S\u0103n\u0103tate Mintal\u0103 \u201c Speran\u021ba\u201d"},"content":{"rendered":"<p><span style=\"color: #000000;\">Legisla\u021bia : ordinul\u00a0 Ministerului S\u0103n\u0103ta\u021bii al Republicii Moldova,\u00a0 Nr. 407 din 16.05. 2014 \u201c Cu privire la Centrele Comunitare de S\u0103n\u0103tate Mintal\u0103.\u00a0 La Flore\u0219ti prin ordinul\u00a0 nr. 02 din 02. 01 .2014\u00a0 a fost\u00a0 creat\u00a0\u00a0 Centrul Comunitar de S\u0103n\u0103tate Mintal\u0103 \u201cSperan\u021ba\u201d\u00a0\u00a0 \u00een cadrul\u00a0 IMSP\u00a0 CMF\u00a0 Flore\u0219ti.\u00a0 Centrul\u00a0 Comunitar\u00a0 de\u00a0 S\u0103n\u0103tate Mintal\u0103 \u201cSperan\u021ba\u201d\u00a0\u00a0 se refer\u0103 la categoria institu\u021biilor de tip medico-social.<\/span><\/p>\n<p><span style=\"color: #000000;\">Centrul\u00a0 reprezint\u0103 un serviciu comunitar de zi \u0219i plasament\u00a0 temporar, destinat\u00a0 persoanelor\u00a0 cu\u00a0 tulbur\u0103ri\u00a0 psihice\u00a0 \u0219i\u00a0 retard\u00a0 mintal, c\u00eet \u0219i familiilor lor. Activit\u0103\u021bile\u00a0 Centrului\u00a0 sunt\u00a0 axate\u00a0 spre\u00a0 reabilitarea\u00a0 psihosocial\u0103\u00a0 si resocializarea\u00a0 persoanelor\u00a0 cu\u00a0 dizabilita\u021bi\u00a0 mintale.<\/span><\/p>\n<p><span style=\"color: #000000;\">\u00cen cadrul centrului sunt\u00a0 oferite servicii alternative de tratament si asisten\u021b\u0103 psihosocial\u0103, inclusiv terapie ocupa\u021bional\u0103, psihoterapie, menaj si ergoterapie, iar\u00a0 fiecare\u00a0 beneficiar\u00a0 este\u00a0\u00a0 abordat\u00a0 \u00een mod\u00a0 individual.<\/span><\/p>\n<p><span style=\"color: #000000;\">Activitatea comunitar\u0103 a Centrului se va desf\u0103\u0219ura cu implicarea activ\u0103 a asistentului\u00a0 social\u00a0 \u0219i a familiilor\u00a0 beneficiarilor.<\/span><\/p>\n<p><span style=\"color: #000000;\">\u00cen cadrul Centrului\u00a0 se\u00a0 acord\u0103\u00a0 serviciile\u00a0 consultative\u00a0 a\u00a0 medicului psihiatru, psiholog, asistentul social.\u00a0 Beneficiarii\u00a0\u00a0 sunt persoane cu probleme\u00a0 de\u00a0 s\u0103n\u0103tate\u00a0 mintal\u0103\u00a0 cu\u00a0 v\u00eersta de la 12 \u2013 65 ani,\u00a0 c\u00eet\u00a0 si familiile lor. Perioada\u00a0 afl\u0103rii\u00a0 \u00een\u00a0 Centru\u00a0 este\u00a0 de\u00a0\u00a0 90 zile.<\/span><\/p>\n<p><span style=\"color: #000000;\">Centrul\u00a0\u00a0 activeaz\u0103\u00a0 de Luni\u00a0 p\u00een\u0103\u00a0 Vineri\u00a0\u00a0 de la\u00a0 orele\u00a0 08.00 &#8211; 16.00. Beneficiarii\u00a0 vor\u00a0 fi resocializa\u021bi\u00a0 si\u00a0 \u00eentegra\u021bi\u00a0 \u00een\u00a0 comunitate.<\/span><\/p>\n<p><span style=\"color: #000000;\">Echipa\u00a0 Centrului\u00a0 Comunitar\u00a0 de\u00a0 S\u0103n\u0103tate\u00a0 Mintal\u0103 \u201c Speran\u021ba\u201d :<\/span><\/p>\n<ol>\n<li><span style=\"color: #000000;\">Tatiana Amoa\u0219ei &#8211; \u0219efa CCSM \u201c Speran\u021ba\u201d<\/span><\/li>\n<li><span style=\"color: #000000;\">Dumitru Vascautan \u2013 medic psihiatru,<\/span><\/li>\n<li><span style=\"color: #000000;\">Valentina Barb\u0103ro\u0219 &#8211; psiholog,<\/span><\/li>\n<li><span style=\"color: #000000;\">Tamara Morari \u2013 asistent social,<\/span><\/li>\n<li><span style=\"color: #000000;\">Dina Cornea \u2013 asistent medical,<\/span><\/li>\n<li><span style=\"color: #000000;\">Valentina Darii \u2013 asistent medical,<\/span><\/li>\n<li><span style=\"color: #000000;\">Victor Bolbocean \u2013 conduc\u0103tor<\/span><\/li>\n<\/ol>\n","protected":false},"excerpt":{"rendered":"<p>Legisla\u021bia : ordinul\u00a0 Ministerului S\u0103n\u0103ta\u021bii al Republicii Moldova,\u00a0 Nr. 407 din 16.05. 2014 \u201c Cu privire la Centrele Comunitare de S\u0103n\u0103tate Mintal\u0103.\u00a0 La Flore\u0219ti prin ordinul\u00a0 nr. 02 din 02. 01 .2014\u00a0 a fost\u00a0 creat\u00a0\u00a0 Centrul Comunitar de S\u0103n\u0103tate Mintal\u0103 \u201cSperan\u021ba\u201d\u00a0\u00a0 \u00een cadrul\u00a0 IMSP\u00a0 CMF\u00a0 Flore\u0219ti.\u00a0 Centrul\u00a0 Comunitar\u00a0 de\u00a0 S\u0103n\u0103tate Mintal\u0103 \u201cSperan\u021ba\u201d\u00a0\u00a0 se refer\u0103 la [&hellip;]<\/p>\n","protected":false},"author":1,"featured_media":0,"parent":0,"menu_order":0,"comment_status":"closed","ping_status":"closed","template":"","meta":{"footnotes":""},"class_list":["post-376","page","type-page","status-publish","hentry"],"_links":{"self":[{"href":"https:\/\/cmff.md\/index.php?rest_route=\/wp\/v2\/pages\/376","targetHints":{"allow":["GET"]}}],"collection":[{"href":"https:\/\/cmff.md\/index.php?rest_route=\/wp\/v2\/pages"}],"about":[{"href":"https:\/\/cmff.md\/index.php?rest_route=\/wp\/v2\/types\/page"}],"author":[{"embeddable":true,"href":"https:\/\/cmff.md\/index.php?rest_route=\/wp\/v2\/users\/1"}],"replies":[{"embeddable":true,"href":"https:\/\/cmff.md\/index.php?rest_route=%2Fwp%2Fv2%2Fcomments&post=376"}],"version-history":[{"count":6,"href":"https:\/\/cmff.md\/index.php?rest_route=\/wp\/v2\/pages\/376\/revisions"}],"predecessor-version":[{"id":1944,"href":"https:\/\/cmff.md\/index.php?rest_route=\/wp\/v2\/pages\/376\/revisions\/1944"}],"wp:attachment":[{"href":"https:\/\/cmff.md\/index.php?rest_route=%2Fwp%2Fv2%2Fmedia&parent=376"}],"curies":[{"name":"wp","href":"https:\/\/api.w.org\/{rel}","templated":true}]}}