{"id":374,"date":"2016-05-26T15:46:31","date_gmt":"2016-05-26T12:46:31","guid":{"rendered":"http:\/\/cmff.md\/?page_id=374"},"modified":"2022-04-04T15:55:33","modified_gmt":"2022-04-04T12:55:33","slug":"centru-de-sanatate-prietenos-tinerilor-incredere","status":"publish","type":"page","link":"https:\/\/cmff.md\/?page_id=374","title":{"rendered":"Centru de S\u0103n\u0103tate Prietenos Tinerilor \u201cIncredere\u201d"},"content":{"rendered":"<p><span style=\"color: #000000;\">\u201cIncredere\u201d reprezint\u0103\u00a0 un model inovatoriu de asisten\u0163\u0103 integrat\u0103 a s\u0103n\u0103t\u0103\u0163ii adolescen\u0163ilor \u015fi tinerilor conform principiilor de servicii de s\u0103n\u0103tate prietenoase. Aici se includ servicii complexe, ce integreaz\u0103 asisten\u0163a consultativ\u0103 cu cea informa\u0163ional\u0103.<\/span><\/p>\n<p><span style=\"color: #000000;\">Centrul \u201eIncredere\u201d activeaz\u0103 din 2012 \u0219i constituie un centru de resurse pentru promovarea s\u0103n\u0103t\u0103\u021bii \u0219i dezvolt\u0103rii adolescen\u021bilor \u0219i serviciilor de s\u0103n\u0103tate pentru tinerii din teritoriu.<\/span><\/p>\n<p><span style=\"color: #000000;\"><strong>Scopul\u00a0 al activit\u0103\u021bii<\/strong> CSPT este ameliorarea st\u0103rii s\u0103n\u0103t\u0103\u021bii adolescen\u021bilor \u0219i tinerilor \u0219i crearea premizelor benefice de dezvoltare \u0219i integrare social a acestora \u00een comunitate prin intermediul sporirii accesului la servicii de s\u0103n\u0103tate prietenoase tinerilor.<\/span><\/p>\n<p><span style=\"color: #000000;\"><strong>\u00a0 \u00a0\u00a0\u00a0\u00a0\u00a0\u00a0\u00a0\u00a0Beneficiarii\u00a0 <\/strong>CSPT:<\/span><\/p>\n<ul>\n<li><span style=\"color: #000000;\">Adolescen\u0163ii<\/span><\/li>\n<li><span style=\"color: #000000;\">tinerii \u015fi cuplurile<\/span><\/li>\n<li><span style=\"color: #000000;\">p\u0103rin\u0163ii, ce vor avea, sau au copii<\/span><\/li>\n<li><span style=\"color: #000000;\">lucr\u0103torii medicali<\/span><\/li>\n<li><span style=\"color: #000000;\">lucr\u0103torii institu\u0163iilor de \u00eenv\u0103\u0163\u0103m\u00eent<\/span><\/li>\n<li><span style=\"color: #000000;\">alte institu\u0163ii ONG ,interesate de s\u0103n\u0103tate \u015fi dezvoltare.<\/span><\/li>\n<\/ul>\n<p><span style=\"color: #000000;\"><strong>Consulta\u0163iile<\/strong> au un caracter multifocal, fiecare t\u0103n\u0103r poate beneficia de serviciile tuturor\u00a0 speciali\u015ftilor. T\u00een\u0103rul este abordat\u00a0 inter-disciplinar, oferinduse asisten\u0163\u0103 medical\u0103, psihologic\u0103 \u015fi social\u0103 gratuit\u0103. Apel\u00eend, pot beneficia de activit\u0103\u0163i consultative \u015fi informa\u0163ional-educative, p\u0103str\u00eendu-se confiden\u0163ialitatea \u015fi dreptul de a decide.<\/span><\/p>\n<p><span style=\"color: #000000;\"><strong>Obiectivele: <\/strong><\/span><\/p>\n<ul>\n<li><span style=\"color: #000000;\">reducerea inciden\u021bei\u00a0 infec\u021biilor\u00a0 sexual \u2013 transmisibile, inclusiv\u00a0 HIV;<\/span><\/li>\n<li><span style=\"color: #000000;\">reducerea num\u0103rului sarcinilor precoce \u0219i nedorite printe tineri;<\/span><\/li>\n<li><span style=\"color: #000000;\">reducerea problemelor\u00a0 de s\u0103n\u0103tate mintal\u0103 \u00een rezultatul utiliz\u0103rii de\u00a0 substan\u021be psihoactive(alcoolizm, narcomanie, tabacizm);<\/span><\/li>\n<li><span style=\"color: #000000;\">reducerea problemelor\u00a0 de s\u0103n\u0103tate\u00a0 \u00een\u00a0 rezultatul\u00a0\u00a0 violen\u021bei;<\/span><\/li>\n<li><span style=\"color: #000000;\">reducerea tulbur\u0103rilor psiho \u2013 emo\u021bionale\u00a0 \u0219i de personalitate;<\/span><\/li>\n<li><span style=\"color: #000000;\">reducerea deregl\u0103rilor de nutri\u021bie, \u00een special malnutri\u021bia \u0219i obezitatea;<\/span><\/li>\n<li><span style=\"color: #000000;\">reducerea devierilor\u00a0 \u00een\u00a0 dezvoltarea\u00a0 pubertar\u0103;<\/span><\/li>\n<\/ul>\n<p><span style=\"color: #000000;\"><strong>Echipa\u00a0 CSPT ,, \u00cencredere,, : <\/strong><\/span><\/p>\n<ul>\n<li><span style=\"color: #000000;\">personal de conducere: \u0219eful \u0219i asistent\u0103 \/moa\u0219\u0103 superioar\u0103\u00a0 CSPT<\/span><\/li>\n<li><span style=\"color: #000000;\">echipa multi \u2013 disciplinar\u0103 de speciali\u0219ti consultan\u021bi: medic ginecolog, dermatovenerolog, medic chirurg \u2013 urolog, generalist, psiholog, asistent social, moa\u0219\u0103, laborant.<\/span><\/li>\n<li><span style=\"color: #000000;\">Personal auxiliar: recep\u021bionist, infermier\u0103, \u0219ofer.<\/span><\/li>\n<li><span style=\"color: #000000;\">Voluntari , ce\u00a0 activeaz\u0103\u00a0 benevol\u00a0 \u0219i gratuit.<\/span><\/li>\n<\/ul>\n<p><span style=\"color: #000000;\">Echipa\u00a0 Centrului\u00a0 v\u0103\u00a0 invit\u0103 zilnic de la orele:<\/span><\/p>\n<p><span style=\"color: #000000;\">08.00 \u2013 18.00,<\/span><\/p>\n<p><span style=\"color: #000000;\">cu zilele de odihn\u0103\u00a0 s\u00eemb\u0103t\u0103\u00a0 \u0219i duminic\u0103.<\/span><\/p>\n<p><span style=\"color: #000000;\">Adresa\u00a0 noastr\u0103:\u00a0 or. Flore\u0219ti, str. \u0218tefan\u00a0 Cel\u00a0 Mare,37. Telefon de contact: 0(250) 2 54 16, mob. 067217717, e-mail: <a style=\"color: #000000;\" href=\"mailto:csptplaton@cmff.md\">csptplaton@cmff.md<\/a>, facebook :\u00a0 CSPT\u00a0 Flore\u0219ti.<\/span><\/p>\n<p><span style=\"color: #000000;\"><strong>Garant\u0103m servicii de: <\/strong><\/span><\/p>\n<ul>\n<li><span style=\"color: #000000;\">Calitate<\/span><\/li>\n<li><span style=\"color: #000000;\">Confiden\u021bialitate<\/span><\/li>\n<li><span style=\"color: #000000;\">Accesibilitate<\/span><\/li>\n<li><span style=\"color: #000000;\">Gratuite<\/span><\/li>\n<li><span style=\"color: #000000;\">Prietenoase<\/span><\/li>\n<\/ul>\n","protected":false},"excerpt":{"rendered":"<p>\u201cIncredere\u201d reprezint\u0103\u00a0 un model inovatoriu de asisten\u0163\u0103 integrat\u0103 a s\u0103n\u0103t\u0103\u0163ii adolescen\u0163ilor \u015fi tinerilor conform principiilor de servicii de s\u0103n\u0103tate prietenoase. Aici se includ servicii complexe, ce integreaz\u0103 asisten\u0163a consultativ\u0103 cu cea informa\u0163ional\u0103. Centrul \u201eIncredere\u201d activeaz\u0103 din 2012 \u0219i constituie un centru de resurse pentru promovarea s\u0103n\u0103t\u0103\u021bii \u0219i dezvolt\u0103rii adolescen\u021bilor \u0219i serviciilor de s\u0103n\u0103tate pentru tinerii [&hellip;]<\/p>\n","protected":false},"author":1,"featured_media":0,"parent":0,"menu_order":0,"comment_status":"closed","ping_status":"closed","template":"","meta":{"footnotes":""},"class_list":["post-374","page","type-page","status-publish","hentry"],"_links":{"self":[{"href":"https:\/\/cmff.md\/index.php?rest_route=\/wp\/v2\/pages\/374","targetHints":{"allow":["GET"]}}],"collection":[{"href":"https:\/\/cmff.md\/index.php?rest_route=\/wp\/v2\/pages"}],"about":[{"href":"https:\/\/cmff.md\/index.php?rest_route=\/wp\/v2\/types\/page"}],"author":[{"embeddable":true,"href":"https:\/\/cmff.md\/index.php?rest_route=\/wp\/v2\/users\/1"}],"replies":[{"embeddable":true,"href":"https:\/\/cmff.md\/index.php?rest_route=%2Fwp%2Fv2%2Fcomments&post=374"}],"version-history":[{"count":6,"href":"https:\/\/cmff.md\/index.php?rest_route=\/wp\/v2\/pages\/374\/revisions"}],"predecessor-version":[{"id":1943,"href":"https:\/\/cmff.md\/index.php?rest_route=\/wp\/v2\/pages\/374\/revisions\/1943"}],"wp:attachment":[{"href":"https:\/\/cmff.md\/index.php?rest_route=%2Fwp%2Fv2%2Fmedia&parent=374"}],"curies":[{"name":"wp","href":"https:\/\/api.w.org\/{rel}","templated":true}]}}