{"id":274,"date":"2016-04-07T14:44:53","date_gmt":"2016-04-07T11:44:53","guid":{"rendered":"http:\/\/cmff.md\/?page_id=274"},"modified":"2021-11-30T15:09:06","modified_gmt":"2021-11-30T12:09:06","slug":"contacte","status":"publish","type":"page","link":"https:\/\/cmff.md\/?page_id=274","title":{"rendered":"CONTACTE"},"content":{"rendered":"<table style=\"background-color: #ede613; border-color: #0f4bd6; width: 100%; height: 600px;\" width=\"1041\">\n<tbody>\n<tr style=\"height: 28px;\">\n<td style=\"height: 28px;\" width=\"753\"><span style=\"color: #000000; font-size: 14pt;\"><strong>IMSP Centrul Medicilor de Familie Flore\u0219ti,\u00a0<span style=\"color: #000000;\">str.<\/span> <\/strong><strong>\u0218tefan cel Mare, 37<\/strong><\/span><\/td>\n<td style=\"background-color: #97ed91; width: 287px; height: 28px;\" width=\"287\"><span style=\"color: #0000ff;\"><strong><u><a style=\"color: #0000ff;\" href=\"mailto:cmff@cmff.md\">e-mail:cmff@cmff.md<\/a><\/u><\/strong><\/span><\/td>\n<\/tr>\n<tr style=\"height: 28px;\">\n<td style=\"height: 28px;\" width=\"753\"><span style=\"color: #000000; font-size: 14pt;\"><strong>Director Svetlana Rusu,\u00a0\u00a0bir. 22, tel. (0250)25400<\/strong><\/span><\/td>\n<td style=\"background-color: #97ed91; width: 287px; height: 28px;\" width=\"287\"><span style=\"color: #0000ff;\"><strong><u><a style=\"color: #0000ff;\" href=\"mailto:dircmf@cmff.md\">e-mail:dircmf@cmff.md<\/a><\/u><\/strong><\/span><\/td>\n<\/tr>\n<tr style=\"height: 28px;\">\n<td style=\"height: 28px;\" width=\"753\"><span style=\"color: #000000; font-size: 14pt;\"><strong>Anticamera (0250)25422,\u00a0fax: \u00a0(373) (250) 25422<\/strong><\/span><\/td>\n<td style=\"background-color: #97ed91; width: 287px; height: 28px;\" width=\"287\"><span style=\"color: #0000ff;\"><strong><u><a style=\"color: #0000ff;\" href=\"mailto:cmff@cmff.md\">e-mail:cmff@cmff.md\u00a0\u00a0<\/a><\/u><\/strong><\/span><\/td>\n<\/tr>\n<tr style=\"height: 28px;\">\n<td style=\"height: 28px;\" width=\"753\"><span style=\"color: #000000; font-size: 14pt;\"><strong>Vicedirector medical Angela Boj,\u00a0bir.18, tel. (0250)25418<\/strong><\/span><\/td>\n<td style=\"background-color: #97ed91; width: 287px; height: 28px;\" width=\"287\"><span style=\"color: #0000ff;\"><strong><u><a style=\"color: #0000ff;\" href=\"mailto:vicedirboj@cmff.md\">e-mail:vicedirboj@cmff.md<\/a><\/u><\/strong><\/span><\/td>\n<\/tr>\n<tr style=\"height: 52px;\">\n<td style=\"height: 52px;\" width=\"753\"><span style=\"color: #000000; font-size: 14pt;\"><strong>\u0218efa sec\u021biei raionala medicina de familie Nina Vasilcov,\u00a0bir.26, tel. (0250)25426<\/strong><\/span><\/td>\n<td style=\"background-color: #97ed91; width: 287px; height: 52px;\" width=\"287\"><span style=\"color: #0000ff;\"><strong><u><a style=\"color: #0000ff;\" href=\"mailto:mfvasilcov@cmff.md\">e-mail:mfvasilcov@cmff.md<\/a><\/u><\/strong><\/span><\/td>\n<\/tr>\n<tr style=\"height: 52px;\">\n<td style=\"height: 52px;\" width=\"753\"><span style=\"color: #000000; font-size: 14pt;\"><strong>Asistent medical principal Dunaevscaia Liudmila, bir.19, tel. (0250)25419<\/strong><\/span><\/td>\n<td style=\"background-color: #97ed91; width: 287px; height: 52px;\" width=\"287\"><span style=\"color: #0000ff;\"><strong><u><a style=\"color: #0000ff;\" href=\"mailto:amp@cmff.md\">e-mail:amp@cmff.md<\/a><\/u><\/strong><\/span><\/td>\n<\/tr>\n<tr style=\"height: 28px;\">\n<td style=\"height: 28px;\" width=\"753\"><span style=\"color: #000000; font-size: 14pt;\"><strong>Contabil \u0219ef Iulian \u0218arban,\u00a0bir.51, tel. (0250)25404<\/strong><\/span><\/td>\n<td style=\"background-color: #97ed91; width: 287px; height: 28px;\" width=\"287\"><span style=\"color: #0000ff;\"><strong><u><a style=\"color: #0000ff;\" href=\"mailto:contabilsef@cmff.md\">e-mail:contabilsef@cmff.md<\/a><\/u><\/strong><\/span><\/td>\n<\/tr>\n<tr style=\"height: 28px;\">\n<td style=\"height: 28px;\" width=\"753\"><span style=\"color: #000000; font-size: 14pt;\"><strong>Contabilitatea,\u00a0bir.52,\u00a0tel. (0250)25402<\/strong><\/span><\/td>\n<td style=\"background-color: #97ed91; width: 287px; height: 28px;\" width=\"287\"><span style=\"color: #0000ff;\"><strong><u><a style=\"color: #0000ff;\" href=\"mailto:contdoina@cmff.md\">e-mail:contdoina@cmff.md<\/a><\/u><\/strong><\/span><\/td>\n<\/tr>\n<tr style=\"height: 28px;\">\n<td style=\"height: 28px;\" width=\"753\"><span style=\"color: #000000; font-size: 14pt;\"><strong>Statistica medical\u0103\u00a0,\u00a0bir. 45, tel. (0250)25445<\/strong><\/span><\/td>\n<td style=\"background-color: #97ed91; width: 287px; height: 28px;\" width=\"287\"><span style=\"color: #0000ff;\"><strong><u><a style=\"color: #0000ff;\" href=\"mailto:osmalish@cmff.md\">e-mail:statistica@cmff.md<\/a><\/u><\/strong><\/span><\/td>\n<\/tr>\n<tr style=\"height: 28px;\">\n<td style=\"height: 28px;\" width=\"753\"><span style=\"color: #000000; font-size: 14pt;\"><strong>Registratura,\u00a0(0250)25401<\/strong><\/span><\/td>\n<td style=\"background-color: #97ed91; width: 287px; height: 28px;\" width=\"287\"><span style=\"color: #0000ff;\"><a style=\"color: #0000ff;\" href=\"mailto:registratura@cmff.md\"><strong><u>e-mail:registratura@cmff.md<\/u><\/strong><\/a><\/span><\/td>\n<\/tr>\n<tr style=\"height: 28px;\">\n<td style=\"height: 28px;\" width=\"753\"><span style=\"color: #000000; font-size: 14pt;\"><strong>Farmacia,\u00a0(0250)25425<\/strong><\/span><\/td>\n<td style=\"background-color: #97ed91; width: 287px; height: 28px;\" width=\"287\"><span style=\"color: #0000ff;\"><a style=\"color: #0000ff;\" href=\"mailto:farmdirig@cmff.md\"><strong><u>e-mail:farmdirig@cmff.md<\/u><\/strong><\/a><\/span><\/td>\n<\/tr>\n<tr style=\"height: 28px;\">\n<td style=\"height: 28px;\" width=\"753\"><span style=\"color: #000000; font-size: 14pt;\"><strong>Serviciu resurse umane,\u00a0bir. 22, tel. (0250)25422<\/strong><\/span><\/td>\n<td style=\"background-color: #97ed91; width: 287px; height: 28px;\" width=\"287\"><span style=\"color: #0000ff;\"><strong><u><a style=\"color: #0000ff;\" href=\"mailto:isp@cmff.md\">e-mail:isp@cmff.md<\/a><\/u><\/strong><\/span><\/td>\n<\/tr>\n<tr style=\"height: 28px;\">\n<td style=\"height: 28px;\" width=\"753\"><span style=\"color: #000000; font-size: 14pt;\"><strong>Jurist,\u00a0bir. 46,\u00a0(0250)25446<\/strong><\/span><\/td>\n<td style=\"background-color: #97ed91; width: 287px; height: 28px;\" width=\"287\"><span style=\"color: #0000ff;\"><a style=\"color: #0000ff;\" href=\"mailto:jurist@cmff.md\"><strong><u>e-mail:jurist@cmff.md<\/u><\/strong><\/a><\/span><\/td>\n<\/tr>\n<tr style=\"height: 28px;\">\n<td style=\"height: 28px;\" width=\"753\"><span style=\"color: #000000; font-size: 14pt;\"><strong>Cabinet de imuniz\u0103ri,\u00a0bir.30, tel. (0250)25430<\/strong><\/span><\/td>\n<td style=\"background-color: #97ed91; width: 287px; height: 28px;\" width=\"287\"><span style=\"color: #0000ff;\"><strong><u><a style=\"color: #0000ff;\" href=\"mailto:imunizari@cmff.md\">e-mail:imunizari@cmff.md<\/a><\/u><\/strong><\/span><\/td>\n<\/tr>\n<tr style=\"height: 52px;\">\n<td style=\"height: 52px;\" width=\"753\"><span style=\"color: #000000; font-size: 14pt;\"><strong>Centrul de S\u0103n\u0103tate Prietenos Tinerilor \u02ba \u00cencredere\u201d,\u00a0bir. 56,\u00a0(0250)25416<\/strong><\/span><\/td>\n<td style=\"background-color: #97ed91; width: 287px; height: 52px;\" width=\"287\"><span style=\"color: #0000ff;\"><strong><u><a style=\"color: #0000ff;\" href=\"mailto:cspt@cmff.md\">e-mail:cspt@cmff.md<\/a><\/u><\/strong><\/span><\/td>\n<\/tr>\n<tr style=\"height: 52px;\">\n<td style=\"height: 52px;\" width=\"753\"><span style=\"color: #000000; font-size: 14pt;\"><strong>Centrul Comunitar de S\u0103n\u0103tate Mintal\u0103\u201dSperan\u021ba\u201d,\u00a0bir. 48,\u00a0(0250)25447<\/strong><\/span><\/td>\n<td style=\"background-color: #97ed91; width: 287px; height: 52px;\" width=\"287\"><span style=\"color: #0000ff;\"><strong><u><a style=\"color: #0000ff;\" href=\"mailto:ccsm@cmff.md\">e-mail:ccsm@cmff.md<\/a><\/u><\/strong><\/span><\/td>\n<\/tr>\n<tr style=\"height: 28px;\">\n<td style=\"height: 28px;\" width=\"753\"><span style=\"color: #000000; font-size: 14pt;\"><strong>Cabinetul de S\u0103n\u0103tatea a reproducerii\u00a0\u201dFamilia\u201d,\u00a0bir. 5,\u00a0(0250)25423<\/strong><\/span><\/td>\n<td style=\"background-color: #97ed91; width: 287px; height: 28px;\" width=\"287\"><span style=\"color: #0000ff;\"><a style=\"color: #0000ff;\" href=\"mailto:familia@cmff.md\"><strong><u>e-mail:familia@cmff.md<\/u><\/strong><\/a><\/span><\/td>\n<\/tr>\n<tr style=\"height: 28px;\">\n<td style=\"height: 28px;\" width=\"753\"><span style=\"color: #000000; font-size: 14pt;\"><strong>Cabinetul imagistic,\u00a0bir. 42, tel. (0250)25442<\/strong><\/span><\/td>\n<td style=\"background-color: #97ed91; width: 287px; height: 28px;\" width=\"287\"><span style=\"color: #0000ff;\"><strong><u><a style=\"color: #0000ff;\" href=\"mailto:im@cmff.md\">e-mail:im@cmff.md<\/a><\/u><\/strong><\/span><\/td>\n<\/tr>\n<\/tbody>\n<\/table>\n","protected":false},"excerpt":{"rendered":"<p>IMSP Centrul Medicilor de Familie Flore\u0219ti,\u00a0str. \u0218tefan cel Mare, 37 e-mail:cmff@cmff.md Director Svetlana Rusu,\u00a0\u00a0bir. 22, tel. (0250)25400 e-mail:dircmf@cmff.md Anticamera (0250)25422,\u00a0fax: \u00a0(373) (250) 25422 e-mail:cmff@cmff.md\u00a0\u00a0 Vicedirector medical Angela Boj,\u00a0bir.18, tel. (0250)25418 e-mail:vicedirboj@cmff.md \u0218efa sec\u021biei raionala medicina de familie Nina Vasilcov,\u00a0bir.26, tel. (0250)25426 e-mail:mfvasilcov@cmff.md Asistent medical principal Dunaevscaia Liudmila, bir.19, tel. (0250)25419 e-mail:amp@cmff.md Contabil \u0219ef Iulian \u0218arban,\u00a0bir.51, [&hellip;]<\/p>\n","protected":false},"author":1,"featured_media":0,"parent":0,"menu_order":0,"comment_status":"closed","ping_status":"closed","template":"","meta":{"footnotes":""},"class_list":["post-274","page","type-page","status-publish","hentry"],"_links":{"self":[{"href":"https:\/\/cmff.md\/index.php?rest_route=\/wp\/v2\/pages\/274","targetHints":{"allow":["GET"]}}],"collection":[{"href":"https:\/\/cmff.md\/index.php?rest_route=\/wp\/v2\/pages"}],"about":[{"href":"https:\/\/cmff.md\/index.php?rest_route=\/wp\/v2\/types\/page"}],"author":[{"embeddable":true,"href":"https:\/\/cmff.md\/index.php?rest_route=\/wp\/v2\/users\/1"}],"replies":[{"embeddable":true,"href":"https:\/\/cmff.md\/index.php?rest_route=%2Fwp%2Fv2%2Fcomments&post=274"}],"version-history":[{"count":49,"href":"https:\/\/cmff.md\/index.php?rest_route=\/wp\/v2\/pages\/274\/revisions"}],"predecessor-version":[{"id":1878,"href":"https:\/\/cmff.md\/index.php?rest_route=\/wp\/v2\/pages\/274\/revisions\/1878"}],"wp:attachment":[{"href":"https:\/\/cmff.md\/index.php?rest_route=%2Fwp%2Fv2%2Fmedia&parent=274"}],"curies":[{"name":"wp","href":"https:\/\/api.w.org\/{rel}","templated":true}]}}