{"id":198,"date":"2016-04-07T11:53:27","date_gmt":"2016-04-07T08:53:27","guid":{"rendered":"http:\/\/cmff.md\/?page_id=198"},"modified":"2021-11-30T14:59:11","modified_gmt":"2021-11-30T11:59:11","slug":"subdiviziuni-institutiei","status":"publish","type":"page","link":"https:\/\/cmff.md\/?page_id=198","title":{"rendered":"SUBDIVIZIUNI INSTITU\u021aIEI"},"content":{"rendered":"<ul>\n<li><span style=\"color: #ff0000;\"><strong><a href=\"http:\/\/cmff.md\/?page_id=374\">Centrul de S\u0103n\u0103tate Prietenos Tinerilor \u201e \u00cencredere \u201e<\/a><\/strong><\/span><strong><em>\u00a0<\/em><\/strong><span style=\"color: #000000;\"><strong>Adela Platon<\/strong>\u00a0\u00a0\u00a0\u015eef\u00a0 CSPT\u00a0\u00a0 categoria superioar\u0103<\/span><\/li>\n<\/ul>\n<ul>\n<li><span style=\"color: #ff0000;\"><strong><a href=\"http:\/\/cmff.md\/?page_id=376\">Centrul Comunitar de S\u0103n\u0103tate Mintal\u0103\u201e<\/a><\/strong><\/span><strong> Valentina Barbaros<\/strong><span style=\"color: #000000;\">\u00a0 \u00a0 \u00a0 \u015eef\u00a0 CCSM\u00a0\u00a0\u00a0 categoria\u00a0 superioara<\/span><\/li>\n<\/ul>\n<ul>\n<li><strong><a href=\"http:\/\/cmff.md\/?page_id=378\">Cabinetul \u00a0de S\u0103n\u0103tate a Reproducerii \u00a0\u201dFAMILIA\u201d<\/a><\/strong><\/li>\n<\/ul>\n<ul>\n<li><strong><span style=\"color: #ff0000;\">Cabinet de imuniz\u0103ri<\/span><\/strong><strong>\u00a0\u00a0<span style=\"color: #000000;\"><strong>Ana Graur<\/strong>\u00a0<strong>\u00a0<\/strong>asistent medical<\/span><\/strong><\/li>\n<\/ul>\n<p><img loading=\"lazy\" decoding=\"async\" class=\"alignnone size-full wp-image-595\" src=\"http:\/\/cmff.md\/wp-content\/uploads\/2016\/07\/DSC8799.jpg\" alt=\"_DSC8799\" width=\"4240\" height=\"2832\" srcset=\"https:\/\/cmff.md\/wp-content\/uploads\/2016\/07\/DSC8799.jpg 4240w, https:\/\/cmff.md\/wp-content\/uploads\/2016\/07\/DSC8799-300x200.jpg 300w, https:\/\/cmff.md\/wp-content\/uploads\/2016\/07\/DSC8799-768x513.jpg 768w, https:\/\/cmff.md\/wp-content\/uploads\/2016\/07\/DSC8799-1024x684.jpg 1024w\" sizes=\"auto, (max-width: 4240px) 100vw, 4240px\" \/><\/p>\n<ul>\n<li><strong><span style=\"color: #ff0000;\">Statistic\u0103 medical\u0103<\/span>\u00a0<\/strong><\/li>\n<\/ul>\n<p><strong><span style=\"color: #000000;\">\u00a0 \u00a0 \u00a0 \u00a0 \u00a0 \u00a0 \u00a0 \u00a0 \u00a0 \u00a0 Trascovschi Valentina<\/span><\/strong><span style=\"color: #000000;\"> asistent statistician\u00a0<\/span><\/p>\n<p><span style=\"color: #000000;\"><strong>\u00a0 \u00a0 \u00a0 \u00a0 \u00a0 \u00a0 \u00a0 \u00a0 \u00a0 \u00a0 Stela H\u00eencu<\/strong>\u00a0\u00a0asistent statistician categoria superioar\u0103<\/span><\/p>\n<p><span style=\"color: #000000;\"><strong>\u00a0 \u00a0 \u00a0 \u00a0 \u00a0 \u00a0 \u00a0 \u00a0 \u00a0 \u00a0\u00a0<\/strong><strong>Victoria Mal\u00ee\u015fenco<\/strong>\u00a0\u00a0\u00a0\u00a0operator statistician<\/span><\/p>\n<p><img loading=\"lazy\" decoding=\"async\" class=\"alignnone size-full wp-image-675\" src=\"http:\/\/cmff.md\/wp-content\/uploads\/2016\/07\/DSC9230.jpg\" alt=\"_DSC9230\" width=\"4240\" height=\"2832\" srcset=\"https:\/\/cmff.md\/wp-content\/uploads\/2016\/07\/DSC9230.jpg 4240w, https:\/\/cmff.md\/wp-content\/uploads\/2016\/07\/DSC9230-300x200.jpg 300w, https:\/\/cmff.md\/wp-content\/uploads\/2016\/07\/DSC9230-768x513.jpg 768w, https:\/\/cmff.md\/wp-content\/uploads\/2016\/07\/DSC9230-1024x684.jpg 1024w\" sizes=\"auto, (max-width: 4240px) 100vw, 4240px\" \/><\/p>\n<ul>\n<li><span style=\"color: #ff0000;\"><strong>Contabilitatea<\/strong><\/span><\/li>\n<\/ul>\n<p><strong>\u00a0 \u00a0 \u00a0 \u00a0 \u00a0 \u00a0 \u00a0 \u00a0 \u00a0 <span style=\"color: #000000;\">\u00a0<\/span><\/strong><span style=\"color: #000000;\"><strong>Iulian \u015earban<\/strong>\u00a0contabil-\u015fef<\/span><\/p>\n<p><span style=\"color: #000000;\"><strong>\u00a0 \u00a0 \u00a0 \u00a0 \u00a0 \u00a0 \u00a0 \u00a0 \u00a0 \u00a0<\/strong><strong>Valentina\u00a0 Doina<\/strong>\u00a0contabil<\/span><\/p>\n<p><span style=\"color: #000000;\"><strong>\u00a0 \u00a0 \u00a0 \u00a0 \u00a0 \u00a0 \u00a0 \u00a0 \u00a0\u00a0<\/strong><strong>\u00a0Svetlana Putrenco<\/strong>\u00a0contabil<\/span><\/p>\n<p><img loading=\"lazy\" decoding=\"async\" class=\"alignnone size-full wp-image-685\" src=\"http:\/\/cmff.md\/wp-content\/uploads\/2016\/07\/DSC9597.jpg\" alt=\"_DSC9597\" width=\"4240\" height=\"2832\" srcset=\"https:\/\/cmff.md\/wp-content\/uploads\/2016\/07\/DSC9597.jpg 4240w, https:\/\/cmff.md\/wp-content\/uploads\/2016\/07\/DSC9597-300x200.jpg 300w, https:\/\/cmff.md\/wp-content\/uploads\/2016\/07\/DSC9597-768x513.jpg 768w, https:\/\/cmff.md\/wp-content\/uploads\/2016\/07\/DSC9597-1024x684.jpg 1024w, https:\/\/cmff.md\/wp-content\/uploads\/2016\/07\/DSC9597-400x267.jpg 400w\" sizes=\"auto, (max-width: 4240px) 100vw, 4240px\" \/><\/p>\n<ul>\n<li><span style=\"color: #ff0000;\"><strong>Jurist<\/strong><\/span><\/li>\n<\/ul>\n<p><strong>\u00a0 \u00a0 \u00a0 \u00a0 \u00a0 \u00a0 \u00a0 \u00a0 \u00a0 \u00a0<\/strong><span style=\"color: #000000;\"><strong>Oxana Sarmaniuc<\/strong>\u00a0Jurist<\/span><\/p>\n<p><img loading=\"lazy\" decoding=\"async\" class=\"alignnone size-full wp-image-575\" src=\"http:\/\/cmff.md\/wp-content\/uploads\/2016\/07\/DSC8725.jpg\" alt=\"_DSC8725\" width=\"4240\" height=\"2832\" srcset=\"https:\/\/cmff.md\/wp-content\/uploads\/2016\/07\/DSC8725.jpg 4240w, https:\/\/cmff.md\/wp-content\/uploads\/2016\/07\/DSC8725-300x200.jpg 300w, https:\/\/cmff.md\/wp-content\/uploads\/2016\/07\/DSC8725-768x513.jpg 768w, https:\/\/cmff.md\/wp-content\/uploads\/2016\/07\/DSC8725-1024x684.jpg 1024w\" sizes=\"auto, (max-width: 4240px) 100vw, 4240px\" \/><\/p>\n<ul>\n<li><span style=\"color: #ff0000;\"><strong>Resurse umane\u00a0<\/strong><\/span><\/li>\n<\/ul>\n<p><strong>\u00a0 \u00a0 \u00a0 \u00a0 \u00a0 \u00a0 \u00a0 \u00a0 \u00a0<span style=\"color: #000000;\">\u00a0<\/span><\/strong><span style=\"color: #000000;\"><strong>Natalia Zosim<\/strong>\u00a0inspector resurse umane<\/span><\/p>\n<p><img loading=\"lazy\" decoding=\"async\" class=\"alignnone size-full wp-image-672\" src=\"http:\/\/cmff.md\/wp-content\/uploads\/2016\/07\/DSC9215.jpg\" alt=\"_DSC9215\" width=\"4240\" height=\"2832\" srcset=\"https:\/\/cmff.md\/wp-content\/uploads\/2016\/07\/DSC9215.jpg 4240w, https:\/\/cmff.md\/wp-content\/uploads\/2016\/07\/DSC9215-300x200.jpg 300w, https:\/\/cmff.md\/wp-content\/uploads\/2016\/07\/DSC9215-768x513.jpg 768w, https:\/\/cmff.md\/wp-content\/uploads\/2016\/07\/DSC9215-1024x684.jpg 1024w, https:\/\/cmff.md\/wp-content\/uploads\/2016\/07\/DSC9215-400x267.jpg 400w\" sizes=\"auto, (max-width: 4240px) 100vw, 4240px\" \/><\/p>\n<ul>\n<li><span style=\"color: #ff0000;\"><strong>Cabinetul de fizioterapie<\/strong><\/span><\/li>\n<\/ul>\n<p><strong>\u00a0 \u00a0 \u00a0 \u00a0 \u00a0 \u00a0 \u00a0 \u00a0 <span style=\"color: #000000;\">\u00a0\u00a0<\/span><\/strong><span style=\"color: #000000;\"><strong>Emilia Ro\u015fca<\/strong>\u00a0asistent medical cat. superioar\u0103<\/span><\/p>\n<p><img loading=\"lazy\" decoding=\"async\" class=\"alignnone size-full wp-image-574\" src=\"http:\/\/cmff.md\/wp-content\/uploads\/2016\/07\/DSC8724.jpg\" alt=\"_DSC8724\" width=\"4240\" height=\"2832\" srcset=\"https:\/\/cmff.md\/wp-content\/uploads\/2016\/07\/DSC8724.jpg 4240w, https:\/\/cmff.md\/wp-content\/uploads\/2016\/07\/DSC8724-300x200.jpg 300w, https:\/\/cmff.md\/wp-content\/uploads\/2016\/07\/DSC8724-768x513.jpg 768w, https:\/\/cmff.md\/wp-content\/uploads\/2016\/07\/DSC8724-1024x684.jpg 1024w\" sizes=\"auto, (max-width: 4240px) 100vw, 4240px\" \/><\/p>\n<ul>\n<li><span style=\"color: #ff0000;\"><strong>Masaj curativ<\/strong><\/span><\/li>\n<\/ul>\n<p><span style=\"color: #000000;\"><strong>\u00a0 \u00a0 \u00a0 \u00a0 \u00a0 \u00a0 \u00a0 \u00a0 \u00a0 Bor\u0219\u00a0 Iurii<em>\u00a0\u00a0<\/em><\/strong>kinetoterapeut<\/span><\/p>\n<p>\u00a0 \u00a0 \u00a0 \u00a0 \u00a0 \u00a0 \u00a0 \u00a0 \u00a0 <span style=\"color: #000000;\"><strong>Bogdan Iulia<\/strong><\/span>\u00a0asistent medical cat superioar\u0103<\/p>\n<p><img loading=\"lazy\" decoding=\"async\" class=\"alignnone size-full wp-image-687\" src=\"http:\/\/cmff.md\/wp-content\/uploads\/2016\/07\/DSC9605.jpg\" alt=\"_DSC9605\" width=\"4240\" height=\"2832\" srcset=\"https:\/\/cmff.md\/wp-content\/uploads\/2016\/07\/DSC9605.jpg 4240w, https:\/\/cmff.md\/wp-content\/uploads\/2016\/07\/DSC9605-300x200.jpg 300w, https:\/\/cmff.md\/wp-content\/uploads\/2016\/07\/DSC9605-768x513.jpg 768w, https:\/\/cmff.md\/wp-content\/uploads\/2016\/07\/DSC9605-1024x684.jpg 1024w, https:\/\/cmff.md\/wp-content\/uploads\/2016\/07\/DSC9605-400x267.jpg 400w\" sizes=\"auto, (max-width: 4240px) 100vw, 4240px\" \/><\/p>\n<ul>\n<li><span style=\"color: #ff0000;\"><strong>Sta\u021bionarul de zi<\/strong><\/span><\/li>\n<\/ul>\n<p><strong>\u00a0 \u00a0 \u00a0 \u00a0 \u00a0 \u00a0 \u00a0 \u00a0 \u00a0\u00a0<\/strong><span style=\"color: #000000;\"><strong>Lidia Pu\u015fcareova<\/strong>\u00a0asistent medical cat superioar\u0103<\/span><\/p>\n<p><img loading=\"lazy\" decoding=\"async\" class=\"alignnone size-full wp-image-686\" src=\"http:\/\/cmff.md\/wp-content\/uploads\/2016\/07\/DSC9600.jpg\" alt=\"_DSC9600\" width=\"4240\" height=\"2832\" srcset=\"https:\/\/cmff.md\/wp-content\/uploads\/2016\/07\/DSC9600.jpg 4240w, https:\/\/cmff.md\/wp-content\/uploads\/2016\/07\/DSC9600-300x200.jpg 300w, https:\/\/cmff.md\/wp-content\/uploads\/2016\/07\/DSC9600-768x513.jpg 768w, https:\/\/cmff.md\/wp-content\/uploads\/2016\/07\/DSC9600-1024x684.jpg 1024w, https:\/\/cmff.md\/wp-content\/uploads\/2016\/07\/DSC9600-400x267.jpg 400w\" sizes=\"auto, (max-width: 4240px) 100vw, 4240px\" \/><\/p>\n<ul>\n<li><span style=\"color: #ff0000;\"><strong>Servicii de laborator<\/strong>\u00a0(examin\u0103ri clinice, imunologice, biochimice)<\/span><\/li>\n<\/ul>\n<p><strong>\u00a0 \u00a0 \u00a0 \u00a0 \u00a0 \u00a0 \u00a0 \u00a0 \u00a0<span style=\"color: #000000;\">\u00a0<\/span><\/strong><span style=\"color: #000000;\"><strong>Vera Pintea<\/strong>\u00a0 medic laborant\u00a0 cat superioar\u0103<\/span><\/p>\n<p><span style=\"color: #000000;\"><strong>\u00a0 \u00a0 \u00a0 \u00a0 \u00a0 \u00a0 \u00a0 \u00a0 \u00a0\u00a0<\/strong><strong>Mihaela Bujor<\/strong>\u00a0 felcer-laborant cat.I<\/span><\/p>\n<p><span style=\"color: #000000;\"><strong>\u00a0 \u00a0 \u00a0 \u00a0 \u00a0 \u00a0 \u00a0 \u00a0 \u00a0 Ludmila \u015eevcenco<\/strong>\u00a0felcer-laborant cat superioar\u0103<\/span><\/p>\n<p><span style=\"color: #000000;\"><strong>\u00a0 \u00a0 \u00a0 \u00a0 \u00a0 \u00a0 \u00a0 \u00a0 \u00a0 Svetlana Covalciuc<\/strong>\u00a0 felcer-laborant cat superioar\u0103<\/span><\/p>\n<p><span style=\"color: #000000;\"><strong>\u00a0 \u00a0 \u00a0 \u00a0 \u00a0 \u00a0 \u00a0 \u00a0 \u00a0 Svetlana Soltan<\/strong>\u00a0felcer-laborant cat superioar\u0103<\/span><\/p>\n<p><span style=\"color: #000000;\"><strong>\u00a0 \u00a0 \u00a0 \u00a0 \u00a0 \u00a0 \u00a0 \u00a0 \u00a0 Aliona Lazarovici<\/strong>\u00a0felcer-laborant cat II<\/span><\/p>\n<p><img loading=\"lazy\" decoding=\"async\" class=\"alignnone size-full wp-image-616\" src=\"http:\/\/cmff.md\/wp-content\/uploads\/2016\/07\/DSC8883.jpg\" alt=\"_DSC8883\" width=\"4240\" height=\"2832\" srcset=\"https:\/\/cmff.md\/wp-content\/uploads\/2016\/07\/DSC8883.jpg 4240w, https:\/\/cmff.md\/wp-content\/uploads\/2016\/07\/DSC8883-300x200.jpg 300w, https:\/\/cmff.md\/wp-content\/uploads\/2016\/07\/DSC8883-768x513.jpg 768w, https:\/\/cmff.md\/wp-content\/uploads\/2016\/07\/DSC8883-1024x684.jpg 1024w\" sizes=\"auto, (max-width: 4240px) 100vw, 4240px\" \/><\/p>\n<ul>\n<li><span style=\"color: #ff0000;\"><strong>Servicii de diagnostic<\/strong> (Ultrasonografie )<\/span><\/li>\n<\/ul>\n<p><strong>\u00a0 \u00a0 \u00a0 \u00a0 \u00a0 \u00a0 \u00a0 \u00a0 \u00a0\u00a0<\/strong><span style=\"color: #000000;\"><strong>Petru Barb\u0103ro\u015f<\/strong>\u00a0medic imagist cat. Superioar\u0103<\/span><\/p>\n<p><img loading=\"lazy\" decoding=\"async\" class=\"alignnone size-full wp-image-580\" src=\"http:\/\/cmff.md\/wp-content\/uploads\/2016\/07\/DSC8752.jpg\" alt=\"_DSC8752\" width=\"4240\" height=\"2832\" srcset=\"https:\/\/cmff.md\/wp-content\/uploads\/2016\/07\/DSC8752.jpg 4240w, https:\/\/cmff.md\/wp-content\/uploads\/2016\/07\/DSC8752-300x200.jpg 300w, https:\/\/cmff.md\/wp-content\/uploads\/2016\/07\/DSC8752-768x513.jpg 768w, https:\/\/cmff.md\/wp-content\/uploads\/2016\/07\/DSC8752-1024x684.jpg 1024w\" sizes=\"auto, (max-width: 4240px) 100vw, 4240px\" \/><\/p>\n<p>\u00a0<\/p>\n<ul>\n<li><span style=\"color: #ff0000;\"><strong>Cabinet de diagnostic func\u0163ional<\/strong>\u00a0( ECG, Spirografia)<\/span><\/li>\n<\/ul>\n<p><span style=\"color: #000000;\"><strong>Tintiuc Angela<\/strong>\u00a0asistent medical cat.superioar\u0103<\/span><\/p>\n<p><span style=\"color: #000000;\"><strong>Curo\u0219u Lilia<\/strong> asistent medical<\/span><\/p>\n<p><img loading=\"lazy\" decoding=\"async\" class=\"alignnone size-full wp-image-715\" src=\"http:\/\/cmff.md\/wp-content\/uploads\/2016\/04\/DSC8889.jpg\" alt=\"_DSC8889\" width=\"4240\" height=\"2832\" srcset=\"https:\/\/cmff.md\/wp-content\/uploads\/2016\/04\/DSC8889.jpg 4240w, https:\/\/cmff.md\/wp-content\/uploads\/2016\/04\/DSC8889-300x200.jpg 300w, https:\/\/cmff.md\/wp-content\/uploads\/2016\/04\/DSC8889-768x513.jpg 768w, https:\/\/cmff.md\/wp-content\/uploads\/2016\/04\/DSC8889-1024x684.jpg 1024w\" sizes=\"auto, (max-width: 4240px) 100vw, 4240px\" \/><\/p>\n<ul>\n<li><span style=\"color: #ff0000;\"><strong>Farmacia<\/strong><\/span><\/li>\n<\/ul>\n<p><span style=\"color: #000000;\">\u00a0 \u00a0 \u00a0 \u00a0 \u00a0 \u00a0 \u00a0 \u00a0<strong>Maria Bolbocean<\/strong> farmacist diriginte cat. I<\/span><\/p>\n<p><span style=\"color: #000000;\"><strong>\u00a0 \u00a0 \u00a0 \u00a0 \u00a0 \u00a0 \u00a0 \u00a0Stela\u00a0 Raileanu\u00a0 <\/strong>contabil\u00a0 \u00een farmacie<\/span><\/p>\n<p><span style=\"color: #000000;\"><strong>\u00a0 \u00a0 \u00a0 \u00a0 \u00a0 \u00a0 \u00a0 \u00a0Ana Boto\u0219anu <\/strong>operator<\/span><\/p>\n<p><span style=\"color: #000000;\"><strong>\u00a0 \u00a0 \u00a0 \u00a0 \u00a0 \u00a0 \u00a0 \u00a0Anastasia Guranda\u00a0 <\/strong>farmacist<\/span><\/p>\n<p><span style=\"color: #000000;\"><strong>\u00a0 \u00a0 \u00a0 \u00a0 \u00a0 \u00a0 \u00a0 \u00a0Diana Popovici\u00a0 <\/strong>farmacist<\/span><\/p>\n<p><strong>\u00a0<img loading=\"lazy\" decoding=\"async\" class=\"alignnone size-full wp-image-617\" src=\"http:\/\/cmff.md\/wp-content\/uploads\/2016\/07\/DSC8886.jpg\" alt=\"_DSC8886\" width=\"4240\" height=\"2832\" srcset=\"https:\/\/cmff.md\/wp-content\/uploads\/2016\/07\/DSC8886.jpg 4240w, https:\/\/cmff.md\/wp-content\/uploads\/2016\/07\/DSC8886-300x200.jpg 300w, https:\/\/cmff.md\/wp-content\/uploads\/2016\/07\/DSC8886-768x513.jpg 768w, https:\/\/cmff.md\/wp-content\/uploads\/2016\/07\/DSC8886-1024x684.jpg 1024w\" sizes=\"auto, (max-width: 4240px) 100vw, 4240px\" \/><\/strong><\/p>\n<p>\u00a0<\/p>\n\n\n<p><\/p>\n","protected":false},"excerpt":{"rendered":"<p>Centrul de S\u0103n\u0103tate Prietenos Tinerilor \u201e \u00cencredere \u201e\u00a0Adela Platon\u00a0\u00a0\u00a0\u015eef\u00a0 CSPT\u00a0\u00a0 categoria superioar\u0103 Centrul Comunitar de S\u0103n\u0103tate Mintal\u0103\u201e Valentina Barbaros\u00a0 \u00a0 \u00a0 \u015eef\u00a0 CCSM\u00a0\u00a0\u00a0 categoria\u00a0 superioara Cabinetul \u00a0de S\u0103n\u0103tate a Reproducerii \u00a0\u201dFAMILIA\u201d Cabinet de imuniz\u0103ri\u00a0\u00a0Ana Graur\u00a0\u00a0asistent medical Statistic\u0103 medical\u0103\u00a0 \u00a0 \u00a0 \u00a0 \u00a0 \u00a0 \u00a0 \u00a0 \u00a0 \u00a0 \u00a0 Trascovschi Valentina asistent statistician\u00a0 \u00a0 \u00a0 \u00a0 [&hellip;]<\/p>\n","protected":false},"author":1,"featured_media":0,"parent":0,"menu_order":0,"comment_status":"closed","ping_status":"closed","template":"","meta":{"footnotes":""},"class_list":["post-198","page","type-page","status-publish","hentry"],"_links":{"self":[{"href":"https:\/\/cmff.md\/index.php?rest_route=\/wp\/v2\/pages\/198","targetHints":{"allow":["GET"]}}],"collection":[{"href":"https:\/\/cmff.md\/index.php?rest_route=\/wp\/v2\/pages"}],"about":[{"href":"https:\/\/cmff.md\/index.php?rest_route=\/wp\/v2\/types\/page"}],"author":[{"embeddable":true,"href":"https:\/\/cmff.md\/index.php?rest_route=\/wp\/v2\/users\/1"}],"replies":[{"embeddable":true,"href":"https:\/\/cmff.md\/index.php?rest_route=%2Fwp%2Fv2%2Fcomments&post=198"}],"version-history":[{"count":51,"href":"https:\/\/cmff.md\/index.php?rest_route=\/wp\/v2\/pages\/198\/revisions"}],"predecessor-version":[{"id":1873,"href":"https:\/\/cmff.md\/index.php?rest_route=\/wp\/v2\/pages\/198\/revisions\/1873"}],"wp:attachment":[{"href":"https:\/\/cmff.md\/index.php?rest_route=%2Fwp%2Fv2%2Fmedia&parent=198"}],"curies":[{"name":"wp","href":"https:\/\/api.w.org\/{rel}","templated":true}]}}