{"id":1970,"date":"2022-04-05T14:16:19","date_gmt":"2022-04-05T11:16:19","guid":{"rendered":"http:\/\/cmff.md\/?page_id=1970"},"modified":"2023-01-10T11:22:06","modified_gmt":"2023-01-10T09:22:06","slug":"promovare","status":"publish","type":"page","link":"https:\/\/cmff.md\/?page_id=1970","title":{"rendered":"PROMOVARE"},"content":{"rendered":"\n<h2 style=\"text-align: center;\"><span style=\"font-family: 'times new roman', times, serif; font-size: 24px; color: #000000;\"><strong>S\u0103pt\u0103m\u00e2na european\u0103 de prevenire a cancerului de col uterin \u2013 16-22 ianuarie<\/strong> <strong>2023.<\/strong><\/span><\/h2>\n<p>\u00a0<\/p>\n<p style=\"text-align: center;\"><a href=\"http:\/\/cmff.md\/wp-content\/uploads\/2023\/01\/909.jpg\"><img loading=\"lazy\" decoding=\"async\" class=\"alignnone size-medium wp-image-2203 alignleft\" src=\"http:\/\/cmff.md\/wp-content\/uploads\/2023\/01\/909-300x179.jpg\" alt=\"\" width=\"300\" height=\"179\" srcset=\"https:\/\/cmff.md\/wp-content\/uploads\/2023\/01\/909-300x179.jpg 300w, https:\/\/cmff.md\/wp-content\/uploads\/2023\/01\/909.jpg 645w\" sizes=\"auto, (max-width: 300px) 100vw, 300px\" \/><\/a><\/p>\n<h5 style=\"text-align: justify;\"><span style=\"font-family: 'times new roman', times, serif; font-size: 20px; color: #000000;\">Marc\u0103m S\u0103pt\u0103m\u00e2na european\u0103 de prevenire a cancerului de col uterin \u00eentre 16 \u0219i 22 ianuarie anul acesta \u2013 penultima s\u0103pt\u0103m\u00e2n\u0103 a lunii ianuarie. Folosim aceast\u0103 s\u0103pt\u0103m\u00e2n\u0103 pentru a sensibiliza despre cancerul de col uterin \u0219i efectele acestuia.<\/span><\/h5>\n<h5 style=\"text-align: justify;\"><span style=\"font-family: 'times new roman', times, serif; font-size: 20px; color: #000000;\">Cancerul de col uterin este a doua cea mai frecvent\u0103 cauz\u0103 de deces prin cancer \u00een r\u00e2ndul femeilor din Europa de Est \u0219i Asia Central\u0103, unde este asociat cu suferin\u021b\u0103 personal\u0103 enorm\u0103, perturb\u0103ri sociale \u0219i costuri financiare pentru femei, familii \u0219i sistemele de s\u0103n\u0103tate. \u00a0\u00cen fiecare an, \u00een Regiunea European\u0103 a OMS, peste 66 000 de femei sunt nou diagnosticate cu cancer de col uterin \u0219i peste 30 000 mor din cauza acestei boli care poate fi prevenit\u0103.<\/span><\/h5>\n<h5 style=\"text-align: justify;\"><span style=\"font-family: 'times new roman', times, serif; font-size: 20px; color: #000000;\">Efectele sunt devastatoare nu numai asupra femeilor, ci \u0219i asupra \u00eentregii societ\u0103\u021bi \u2013 familiile \u00ee\u0219i pierd fiice, mame \u0219i so\u021bii, iar comunit\u0103\u021bile sunt afectate de aceste decese timpurii.<\/span><\/h5>\n<h5 style=\"text-align: justify;\"><span style=\"font-family: 'times new roman', times, serif; font-size: 20px; color: #000000;\">\u00a0La nivelul Regiunii, propor\u021bia cazurilor de cancer de col uterin invaziv detectate \u00eentr-un stadiu incipient variaz\u0103 considerabil de la 35% la peste 80%, \u00een func\u021bie de \u021bar\u0103. Ratele de supravie\u021buire la cinci ani variaz\u0103 de la 54% la 80%.<\/span><\/h5>\n<h5 style=\"text-align: justify;\"><span style=\"font-family: 'times new roman', times, serif; font-size: 20px; color: #000000;\">Motivul principal pentru num\u0103rul mai mare de cazuri noi \u0219i decese \u00een Europa de Est \u0219i Asia Central\u0103 este lipsa programelor de screening cervical de \u00eenalt\u0103 calitate, care sunt comune \u00een \u021b\u0103rile Europei de Vest, cum ar fi Finlanda, care are acum una dintre cele mai sc\u0103zute rate de cancer de col uterin in lume.<\/span><\/h5>\n<h5 style=\"text-align: justify;\"><span style=\"font-family: 'times new roman', times, serif; font-size: 20px; color: #000000;\">Un motiv cheie pentru a acorda prioritate prevenirii cancerului de col uterin este faptul c\u0103 acesta afecteaz\u0103 \u00een primul r\u00e2nd femeile mai tinere, majoritatea cazurilor apar\u00e2nd \u00eentre 35 \u0219i 45 de ani. Acesta este un moment \u00een care majoritatea femeilor lucreaz\u0103, \u00ee\u0219i \u00eengrijesc familiile sau fac ambele, astfel \u00eenc\u00e2t impactul social al cancerului de col uterin este mult sporit, deoarece \u00eendep\u0103rteaz\u0103 mamele din familiile lor \u0219i lucr\u0103torii din economie.<\/span><\/h5>\n<h5 style=\"text-align: justify;\"><span style=\"font-family: 'times new roman', times, serif; font-size: 20px; color: #000000;\">Un alt motiv cheie este c\u0103 aproape fiecare caz ar putea fi prevenit. Programele de screening bine organizate pot reduce ratele cancerului de col uterin cu p\u00e2n\u0103 la 80% sau cu p\u00e2n\u0103 la 90% dac\u0103 sunt combinate cu vaccinarea HPV a adolescentelor. \u00cen plus, deoarece screening-ul de col uterin func\u021bioneaz\u0103 prin g\u0103sirea \u0219i \u00eendep\u0103rtarea leziunilor precanceroase pentru a preveni apari\u021bia cancerului \u00een primul r\u00e2nd, screening-ul cervical reduce at\u00e2t cazurile noi, c\u00e2t \u0219i decesele cauzate de cancerul de col uterin.<\/span><\/h5>\n<h5 style=\"text-align: justify;\"><span style=\"font-family: 'times new roman', times, serif; font-size: 20px; color: #000000;\">\u00cen Republica Moldova, aproximativ 300 de femei sunt diagnosticate anual cu cancer de col uterin, zilnic este \u00eenregistrat\u0103 o femeie cu\u00a0cancer de col uterin, la fiecare trei zile se atest\u0103 un deces din cauza acestei boli.<\/span><\/h5>\n<h5 style=\"text-align: justify;\"><span style=\"font-family: 'times new roman', times, serif; font-size: 20px; color: #000000;\">Virusul papiloma uman (HPV) este cauza principal\u0103 a cancerului de col uterin. Este o infec\u021bie foarte contagioas\u0103 care se transmite prin contact sexual sau piele pe piele; 80% dintre femeile active sexual o primesc la un moment dat \u00een via\u021ba lor. Exist\u0103 peste 100 de tipuri de HPV, dar 2 \u2013 tipuri 16 \u0219i 18 \u2013 cauzeaz\u0103 70% din cancere.<\/span><\/h5>\n<h5 style=\"text-align: center;\"><span style=\"font-family: 'times new roman', times, serif; font-size: 20px; color: #000000;\">Cine este expus riscului de cancer de col uterin<\/span><\/h5>\n<h5><span style=\"font-family: 'times new roman', times, serif; font-size: 20px; color: #000000;\">\u00cen multe cazuri, cancerul de col uterin poate fi asociat cu factori de risc cunoscu\u021bi pentru boal\u0103. Unii factori de risc pot fi evita\u021bi, \u00een timp ce al\u021bii nu. Unii factori de risc aflati sub controlul sunt:<\/span><\/h5>\n<ul>\n<li>\n<h5><span style=\"font-family: 'times new roman', times, serif; font-size: 20px; color: #000000;\">Istoricul de screening: cei care nu au avut teste Papanicolau la intervale regulate au un risc crescut de cancer de col uterin.<\/span><\/h5>\n<\/li>\n<li>\n<h5><span style=\"font-family: 'times new roman', times, serif; font-size: 20px; color: #000000;\">Infec\u021bia cu HPV: Anumite tipuri de HPV sunt legate de cancerul de col uterin. Sc\u0103derea riscului de apari\u021bie a HPV poate reduce, de asemenea, riscul de cancer de col uterin.<\/span><\/h5>\n<\/li>\n<li>\n<h5><span style=\"font-family: 'times new roman', times, serif; font-size: 20px; color: #000000;\">Antecedente sexuale: rela\u021bii sexuale \u00eenainte de v\u00e2rsta de 18 ani \u0219i mul\u021bi parteneri sexuali expun un risc mai mare de infec\u021bie cu HPV.<\/span><\/h5>\n<\/li>\n<li>\n<h5><span style=\"font-family: 'times new roman', times, serif; font-size: 20px; color: #000000;\">Fumatul: fumatul este asociat cu un risc crescut de cancer de col uterin.<\/span><\/h5>\n<\/li>\n<li>\n<h5><span style=\"font-family: 'times new roman', times, serif; font-size: 20px; color: #000000;\">Infec\u021bia cu HIV: cei care au fost infecta\u021bi cu HIV au un risc mai mare dec\u00e2t media de a dezvolta cancer de col uterin.<\/span><\/h5>\n<\/li>\n<li>\n<h5><span style=\"font-family: 'times new roman', times, serif; font-size: 20px; color: #000000;\">Pilule contraceptive: Exist\u0103 dovezi c\u0103 utilizarea pe termen lung a contraceptivelor orale poate cre\u0219te riscul de cancer de col uterin.<\/span><\/h5>\n<\/li>\n<li>\n<h5><span style=\"font-family: 'times new roman', times, serif; font-size: 20px; color: #000000;\">Sistem imunitar sl\u0103bit: un sistem imunitar slabit nu poate lupta \u00eempotriva infec\u021biilor.<\/span><\/h5>\n<\/li>\n<\/ul>\n<h5><span style=\"font-family: 'times new roman', times, serif; font-size: 20px; color: #000000;\">La \u00eenceput, cancerul de col uterin de obicei nu are simptome, ceea ce face dificil de detectat. Simptomele \u00eencep de obicei dup\u0103 r\u0103sp\u00e2ndirea cancerului:<\/span><\/h5>\n<ul>\n<li>\n<h5><span style=\"font-family: 'times new roman', times, serif; font-size: 20px; color: #000000;\">s\u00e2ngerare vaginal\u0103 dup\u0103 sex;<\/span><\/h5>\n<\/li>\n<li>\n<h5><span style=\"font-family: 'times new roman', times, serif; font-size: 20px; color: #000000;\">s\u00e2ngerare vaginal\u0103 dup\u0103 menopauz\u0103;<\/span><\/h5>\n<\/li>\n<li>\n<h5><span style=\"font-family: 'times new roman', times, serif; font-size: 20px; color: #000000;\">s\u00e2ngerare vaginal\u0103 \u00eentre menstrua\u021bii sau perioade care sunt mai abundente sau mai lungi dec\u00e2t \u00een mod normal;<\/span><\/h5>\n<\/li>\n<li>\n<h5><span style=\"font-family: 'times new roman', times, serif; font-size: 20px; color: #000000;\">scurgeri vaginale care sunt apoase \u0219i au un miros puternic sau care contin s\u00e2nge;<\/span><\/h5>\n<\/li>\n<li>\n<h5><span style=\"font-family: 'times new roman', times, serif; font-size: 20px; color: #000000;\">durere pelvin\u0103 sau durere \u00een timpul actului sexual.<\/span><\/h5>\n<\/li>\n<\/ul>\n<h5><span style=\"font-family: 'times new roman', times, serif; font-size: 20px; color: #000000;\">Simptomele cancerului de col uterin avansat (cancerul s-a r\u0103sp\u00e2ndit dincolo de colul uterin \u00een alte p\u0103r\u021bi ale corpului) pot include simptomele cancerului de col uterin \u00een stadiu incipient \u0219i:<\/span><\/h5>\n<ul>\n<li>\n<h5><span style=\"font-family: 'times new roman', times, serif; font-size: 20px; color: #000000;\">mi\u0219c\u0103ri intestinale dificile sau dureroase sau s\u00e2ngerare din rect atunci c\u00e2nd ave\u021bi o mi\u0219care intestinal\u0103;<\/span><\/h5>\n<\/li>\n<li>\n<h5><span style=\"font-family: 'times new roman', times, serif; font-size: 20px; color: #000000;\">urinare dificil\u0103 sau dureroas\u0103 sau s\u00e2nge \u00een urin\u0103;<\/span><\/h5>\n<\/li>\n<li>\n<h5><span style=\"font-family: 'times new roman', times, serif; font-size: 20px; color: #000000;\">durere de spate surd\u0103;<\/span><\/h5>\n<\/li>\n<li>\n<h5><span style=\"font-family: 'times new roman', times, serif; font-size: 20px; color: #000000;\">umflarea picioarelor;<\/span><\/h5>\n<\/li>\n<li>\n<h5><span style=\"font-family: 'times new roman', times, serif; font-size: 20px; color: #000000;\">durere \u00een abdomen;<\/span><\/h5>\n<\/li>\n<li>\n<h5><span style=\"font-family: 'times new roman', times, serif; font-size: 20px; color: #000000;\">senza\u021bie de oboseal\u0103.<\/span><\/h5>\n<\/li>\n<\/ul>\n<h5 style=\"text-align: justify;\"><span style=\"font-family: 'times new roman', times, serif; font-size: 20px; color: #000000;\">Cancerul de col uterin este printre cele mai prevenite cancere: pe l\u00e2ng\u0103 faptul c\u0103 sunt prevenite prin vaccinarea HPV, leziunile precanceroase pot fi detectate cu u\u0219urin\u021b\u0103 prin screening. Atunci c\u00e2nd screening-ul detecteaz\u0103 leziuni precanceroase, acestea pot fi tratate \u0219i cancerul evitat. De asemenea, screening-ul poate detecta cancerul \u00eentr-un stadiu incipient, atunci c\u00e2nd tratamentul are un poten\u021bial ridicat de vindecare.<\/span><\/h5>\n<h1 style=\"text-align: center;\"><span style=\"color: #0000ff;\"><strong><span style=\"font-family: 'times new roman', times, serif; font-size: 24px;\">Cancerul de col uterin poate fi prevenit<\/span><\/strong><\/span><\/h1>\n<h5 style=\"text-align: justify;\"><span style=\"font-family: 'times new roman', times, serif; font-size: 20px; color: #000000;\">Exist\u0103 c\u00e2teva lucruri pe care le pute\u021bi face pentru a preveni cancerul de col uterin. Primirea periodic\u0103 a examenelor ginecologice \u0219i efectuarea testelor Papanicolau sunt cei mai importan\u021bi pa\u0219i pe care trebuie s\u0103 \u00eei lua\u021bi pentru prevenirea cancerului de col uterin. Alte lucruri pe care le pute\u021bi face sunt:<\/span><\/h5>\n<ul>\n<li>\n<h5><span style=\"font-family: 'times new roman', times, serif; font-size: 20px; color: #000000;\">Ob\u021bine\u021bi vaccinul HPV (dac\u0103 sunte\u021bi eligibil).<\/span><\/h5>\n<\/li>\n<li>\n<h5><span style=\"font-family: 'times new roman', times, serif; font-size: 20px; color: #000000;\">Adopta\u021bi practici sexuale sigure: \u00a0\u00eent\u00e2rzierea ini\u021bierii vie\u021bii sexuale, utilizarea prezervativelor \u0219i \u00eentre\u021binerea rela\u021biilor sexuale cu c\u00e2t mai pu\u021bini parteneri posibili.<\/span><\/h5>\n<\/li>\n<li>\n<h5><span style=\"font-family: 'times new roman', times, serif; font-size: 20px; color: #000000;\">Nu fuma\u021bi \u0219i folosi\u021bi produse din tutun.<\/span><\/h5>\n<\/li>\n<\/ul>\n<h5 style=\"text-align: justify;\"><span style=\"font-family: 'times new roman', times, serif; font-size: 20px; color: #000000;\">OMS sprijin\u0103 o abordare cuprinz\u0103toare pentru prevenirea, detectarea \u0219i tratarea cancerului de col uterin. Acest lucru necesit\u0103 interven\u021bii eficiente pentru femei pe tot parcursul vie\u021bii, \u00eencep\u00e2nd din copil\u0103rie. Aceste interven\u021bii includ educa\u021bie comunitar\u0103, mobilizare social\u0103, vaccinare HPV, screening, tratament \u0219i \u00eengrijiri paliative. Pentru a realiza acest lucru, programele na\u021bionale de s\u0103n\u0103tate (\u00een special pentru imunizare, s\u0103n\u0103tatea reproducerii, controlul cancerului \u0219i s\u0103n\u0103tatea adolescen\u021bilor), organiza\u021biile \u0219i partenerii trebuie s\u0103 lucreze \u00eempreun\u0103.<\/span><\/h5>\n<h5 style=\"text-align: justify;\"><span style=\"font-family: 'times new roman', times, serif; font-size: 20px; color: #000000;\">Un viitor f\u0103r\u0103 cancer de col uterin este la \u00eendem\u00e2na noastr\u0103. Aceasta este o oportunitate important\u0103 pentru liderii politici \u0219i din domeniul s\u0103n\u0103t\u0103\u021bii de a realiza eliminarea cancerului de col uterin. Avem cuno\u0219tin\u021bele \u0219i instrumentele, dar avem nevoie de angajamente mai puternice \u0219i mai consecvente pentru a face posibil\u0103 eliminarea \u00een regiune. Prin livrarea echitabil\u0103 a vaccinului \u00eempotriva virusului papiloma uman (HPV), prin programe na\u021bionale de screening organizate \u0219i prin tratament de calitate, putem preveni \u0219i trata cancerul de col uterin.<\/span><\/h5>\n<h5><span style=\"font-family: 'times new roman', times, serif; font-size: 20px; color: #000000;\">\u00a0<\/span><\/h5>\n<h1 style=\"text-align: center;\"><span style=\"color: #0000ff; font-size: 24px;\"><strong><span style=\"font-family: 'times new roman', times, serif;\">Vaccinul<\/span><\/strong><\/span><\/h1>\n<h5 style=\"text-align: justify;\"><span style=\"font-family: 'times new roman', times, serif; font-size: 20px; color: #000000;\">Vaccinul HPV previne cancerul de col uterin prin protejarea \u00eempotriva celor mai comune tipuri de HPV, care cauzeaz\u0103 9 din 10 cazuri de cancer de col uterin. Vaccinarea HPV este recomandat\u0103 la 9-14 ani. Studii recente din Regatul Unit, una dintre primele \u021b\u0103ri care l-au introdus, arat\u0103 c\u0103 vaccinarea HPV a redus leziunile precanceroase \u0219i cancerul de col uterin cu aproape 90% \u00een r\u00e2ndul primelor cohorte care au primit vaccinul. Suedia estimeaz\u0103, c\u0103 cancerul de col uterin ar putea fi eliminat peste 5 ani, ceea ce \u00eenseamn\u0103 c\u0103 ar \u00eenregistra mai pu\u021bin de 4 cazuri noi la 100 000 de femei \u00een fiecare an.<\/span><\/h5>\n<h5 style=\"text-align: justify;\"><span style=\"font-family: 'times new roman', times, serif; font-size: 20px; color: #000000;\">\u00cen aprilie 2022, Grupul Consultativ Strategic de Exper\u021bi \u00een Imunizare al OMS a anun\u021bat, pe baza unei analize a dovezilor, c\u0103 un vaccin HPV cu doz\u0103 unic\u0103 ofer\u0103 protec\u021bie \u00eempotriva virusului care este comparabil cu un program cu 2 doze \u0219i c\u0103 \u021b\u0103rile pot alege s\u0103 utilizeze un program cu 2 doze sau 1 doz\u0103 HPV.<\/span><\/h5>\n<h5 style=\"text-align: justify;\"><span style=\"font-family: 'times new roman', times, serif; font-size: 20px; color: #000000;\">\u021a\u0103rile trebuie s\u0103 ating\u0103 o acoperire na\u021bional\u0103 de vaccinare de 90% p\u00e2n\u0103 \u00een 2030 pentru a fi pe cale s\u0103 ating\u0103 obiectivul de eliminare. Cea mai eficient\u0103 modalitate de a atinge aceast\u0103 \u021bint\u0103 este includerea vaccin\u0103rii \u00eempotriva HPV \u00een programele na\u021bionale de imunizare \u0219i investirea \u00een strategii de comunicare eficiente.<\/span><\/h5>\n<h5 style=\"text-align: justify;\"><span style=\"font-family: 'times new roman', times, serif; font-size: 20px; color: #000000;\">Programe na\u021bionale de screening organizate. Al doilea instrument important pentru eliminarea cancerului de col uterin este un program na\u021bional de screening organizat, care asigur\u0103 furnizarea tuturor serviciilor necesare \u2013 de la depistarea \u0219i diagnosticarea precoce, p\u00e2n\u0103 la tratament \u0219i \u00eengrijirea de urm\u0103rire. Screening-ul eficient al cancerului de col uterin nu este doar un test sau un singur eveniment, este o cale.\u00a0<\/span><\/h5>\n<h5 style=\"text-align: justify;\"><span style=\"font-family: 'times new roman', times, serif; font-size: 20px; color: #000000;\">Vaccinarea HPV \u0219i programele na\u021bionale de screening combinate cu campanii puternice de con\u0219tientizare \u0219i implicare a comunit\u0103\u021bii, formarea adecvat\u0103 a for\u021bei de munc\u0103 din domeniul s\u0103n\u0103t\u0103\u021bii \u0219i inova\u021bia sunt mijloace pentru eliminarea cancerului de col uterin. Vaccinarea HPV \u0219i screening-ul cancerului de col uterin au fost desemnate drept \u201einterven\u021bii cele mai bune\u201d cu rentabilitate imediat\u0103 a investi\u021biei. Ele reduc semnificativ bolile \u0219i decesele evitabile, precum \u0219i nevoia de tratamente costisitoare care au efecte secundare grave asupra s\u0103n\u0103t\u0103\u021bii.<\/span><\/h5>\n<h5 style=\"text-align: justify;\"><span style=\"font-family: 'times new roman', times, serif; font-size: 20px; color: #000000;\">Eliminarea cancerului de col uterin este o mi\u0219care global\u0103 \u00een care fiecare \u021bar\u0103 \u0219i regiune are responsabilitatea de a transpune angajamentele \u00een ac\u021biuni, f\u0103r\u0103 a l\u0103sa pe nimeni \u00een urm\u0103. \u021a\u0103rile din Europa se confrunt\u0103 cu propriul set de provoc\u0103ri specifice. De\u0219i unele \u021b\u0103ri sunt \u00een pragul de a atinge \u021binta pentru inciden\u021ba cancerului de col uterin, exist\u0103 inegalit\u0103\u021bi puternice \u00een ceea ce prive\u0219te inciden\u021ba, mortalitatea \u0219i accesul la \u00eengrijiri de calitate \u00eentre \u021b\u0103rile din Europa.<\/span><\/h5>\n<h5 style=\"text-align: justify;\"><span style=\"font-family: 'times new roman', times, serif; font-size: 20px; color: #000000;\">Foaia de parcurs pentru accelerarea elimin\u0103rii cancerului de col uterin ca problem\u0103 de s\u0103n\u0103tate public\u0103 \u00een Regiunea European\u0103 a OMS 2022\u20132030, subliniaz\u0103 principiile de baz\u0103, schimb\u0103rile strategice \u0219i ac\u021biunile prioritare pentru a ghida statele membre \u00een atingerea \u021bintelor pentru 2030 \u2013 \u201e90-70-90\u201d,\u00a0 \u021binte\u201d \u2013 stabilite de Strategia global\u0103 pentru eliminarea cancerului de col uterin:<\/span><\/h5>\n<ul>\n<li>\n<h5><span style=\"font-family: 'times new roman', times, serif; font-size: 20px; color: #000000;\">90% de fete sunt complet vaccinate cu vaccinul HPV p\u00e2n\u0103 la v\u00e2rsta de 15 ani.<\/span><\/h5>\n<\/li>\n<li>\n<h5><span style=\"font-family: 'times new roman', times, serif; font-size: 20px; color: #000000;\">70% dintre femei sunt testate folosind un test de \u00eenalt\u0103 performan\u021b\u0103 p\u00e2n\u0103 la v\u00e2rsta de 35 de ani \u0219i o nou\u0103 testare p\u00e2n\u0103 la v\u00e2rsta de 45 de ani.<\/span><\/h5>\n<\/li>\n<li>\n<h5><span style=\"font-family: 'times new roman', times, serif; font-size: 20px; color: #000000;\">90% dintre femeile identificate cu cancer de col uterin primesc tratament (90% dintre femeile cu precancer tratate \u0219i 90% dintre femeile cu cancer invaziv gestionat).<\/span><\/h5>\n<\/li>\n<\/ul>\n<h5>\u00a0<\/h5>\n<h5 style=\"text-align: justify;\"><span style=\"font-family: 'times new roman', times, serif; font-size: 20px; color: #000000;\">Atingerea acestor obiective necesit\u0103 un angajament politic puternic din partea statelor membre \u0219i investi\u021bii adecvate \u00een c\u0103ile de \u00eengrijire, formarea for\u021bei de munc\u0103, comunicare \u0219i monitorizare.<\/span><\/h5>\n<h5 style=\"text-align: justify;\"><span style=\"font-family: 'times new roman', times, serif; font-size: 20px; color: #000000;\">Atingerea scopului final al Strategiei globale va necesita zeci de ani de efort sus\u021binut. Cu toate acestea, ceasul se scurge pentru ca noi s\u0103 atingem obiectivele pentru 2030. Nu avem timp de pierdut.<\/span><\/h5>\n<h5 style=\"text-align: justify;\"><span style=\"font-family: 'times new roman', times, serif; font-size: 20px; color: #000000;\">S\u0103pt\u0103m\u00eena de con\u0219tientizare a cancerului de col uterin vine, \u00eentr-un moment \u00een care lumea continu\u0103 s\u0103 se recupereze dup\u0103 pandemia de COVID-19, unde persist\u0103 perturb\u0103ri substan\u021biale ale serviciilor de s\u0103n\u0103tate esen\u021biale. A\u0219adar, \u00een aceast\u0103 s\u0103pt\u0103m\u00een\u0103 \u0219i mai departe, haide\u021bi s\u0103 lucr\u0103m \u00eempreun\u0103, pentru a reconstrui comunit\u0103\u021bi mai s\u0103n\u0103toase prin \u00eembun\u0103t\u0103\u021birea accesului la vaccinarea HPV, screening, tratament pentru precancerul de col uterin \u0219i gestionarea cancerului de col uterin p\u00e2n\u0103 \u00een 2030 \u0219i s\u0103 punem cap\u0103t cancerului de col uterin \u00een c\u00e2teva genera\u021bii.<\/span><\/h5>\n<h5 style=\"text-align: justify;\">\u00a0<\/h5>\n","protected":false},"excerpt":{"rendered":"<p>S\u0103pt\u0103m\u00e2na european\u0103 de prevenire a cancerului de col uterin \u2013 16-22 ianuarie 2023. \u00a0 Marc\u0103m S\u0103pt\u0103m\u00e2na european\u0103 de prevenire a cancerului de col uterin \u00eentre 16 \u0219i 22 ianuarie anul acesta \u2013 penultima s\u0103pt\u0103m\u00e2n\u0103 a lunii ianuarie. Folosim aceast\u0103 s\u0103pt\u0103m\u00e2n\u0103 pentru a sensibiliza despre cancerul de col uterin \u0219i efectele acestuia. Cancerul de col uterin [&hellip;]<\/p>\n","protected":false},"author":1,"featured_media":0,"parent":0,"menu_order":0,"comment_status":"closed","ping_status":"closed","template":"","meta":{"footnotes":""},"class_list":["post-1970","page","type-page","status-publish","hentry"],"_links":{"self":[{"href":"https:\/\/cmff.md\/index.php?rest_route=\/wp\/v2\/pages\/1970","targetHints":{"allow":["GET"]}}],"collection":[{"href":"https:\/\/cmff.md\/index.php?rest_route=\/wp\/v2\/pages"}],"about":[{"href":"https:\/\/cmff.md\/index.php?rest_route=\/wp\/v2\/types\/page"}],"author":[{"embeddable":true,"href":"https:\/\/cmff.md\/index.php?rest_route=\/wp\/v2\/users\/1"}],"replies":[{"embeddable":true,"href":"https:\/\/cmff.md\/index.php?rest_route=%2Fwp%2Fv2%2Fcomments&post=1970"}],"version-history":[{"count":8,"href":"https:\/\/cmff.md\/index.php?rest_route=\/wp\/v2\/pages\/1970\/revisions"}],"predecessor-version":[{"id":2211,"href":"https:\/\/cmff.md\/index.php?rest_route=\/wp\/v2\/pages\/1970\/revisions\/2211"}],"wp:attachment":[{"href":"https:\/\/cmff.md\/index.php?rest_route=%2Fwp%2Fv2%2Fmedia&parent=1970"}],"curies":[{"name":"wp","href":"https:\/\/api.w.org\/{rel}","templated":true}]}}