{"id":176,"date":"2016-04-07T11:40:31","date_gmt":"2016-04-07T08:40:31","guid":{"rendered":"http:\/\/cmff.md\/?page_id=176"},"modified":"2026-03-12T10:12:09","modified_gmt":"2026-03-12T08:12:09","slug":"locuri-vacante","status":"publish","type":"page","link":"https:\/\/cmff.md\/?page_id=176","title":{"rendered":"LOCURI VACANTE"},"content":{"rendered":"\n<p style=\"text-align: center;\"><span style=\"color: #000000;\"><strong><span style=\"font-family: 'times new roman', times, serif; font-size: 32px;\"><u>Lista locurilor vacante 15.01.2026<\/u><\/span><\/strong><\/span><\/p>\n<table style=\"width: 110.714%;\" width=\"718\">\n<tbody>\n<tr>\n<td style=\"text-align: center; background-color: #f0e5aa; width: 31.3095%; border-style: groove; border-color: #030000;\" width=\"227\">\n<p><span style=\"font-family: 'times new roman', times, serif; font-size: 28px; color: #000000;\"><strong>Institu\u021bia <\/strong><\/span><\/p>\n<\/td>\n<td style=\"text-align: center; background-color: #f0e5aa; width: 43.3603%; border-style: groove; border-color: #030000;\" width=\"359\">\n<p><span style=\"font-family: 'times new roman', times, serif; font-size: 28px; color: #000000;\"><strong>Localitatea <\/strong><\/span><\/p>\n<\/td>\n<td style=\"text-align: center; background-color: #f0e5aa; width: 34.9731%; border-style: groove; border-color: #030000;\" width=\"132\">\n<p><span style=\"font-family: 'times new roman', times, serif; font-size: 28px; color: #000000;\"><strong>Num\u0103rul de func\u021bii vacante<\/strong><\/span><\/p>\n<\/td>\n<\/tr>\n<tr>\n<td style=\"background-color: #33f5e1; width: 31.3095%; border-style: groove; border-color: #030000;\" width=\"227\">\n<p><span style=\"font-size: 20px;\"><strong><span style=\"color: #000000; font-family: 'times new roman', times, serif;\">Medic de familie<\/span><\/strong><\/span><\/p>\n<\/td>\n<td style=\"background-color: #33f5e1; width: 43.3603%; border-style: groove; border-color: #030000;\" width=\"359\">\n<p><span style=\"font-size: 20px;\"><strong><span style=\"color: #000000; font-family: 'times new roman', times, serif;\">Oficiul Medicului de Familie Gura C\u0103inarului<\/span><\/strong><\/span><\/p>\n<\/td>\n<td style=\"background-color: #33f5e1; width: 34.9731%; text-align: center; border-style: groove; border-color: #030000;\" width=\"132\">\n<p><span style=\"font-size: 20px;\"><strong><span style=\"color: #000000; font-family: 'times new roman', times, serif;\">1<\/span><\/strong><\/span><\/p>\n<\/td>\n<\/tr>\n<tr>\n<td style=\"background-color: #33f5e1; width: 31.3095%; border-style: groove; border-color: #030000;\" width=\"227\">\n<p><span style=\"font-size: 20px;\"><strong><span style=\"color: #000000; font-family: 'times new roman', times, serif;\">Medic de familie<\/span><\/strong><\/span><\/p>\n<\/td>\n<td style=\"background-color: #33f5e1; width: 43.3603%; border-style: groove; border-color: #030000;\" width=\"359\">\n<p><span style=\"font-size: 20px;\"><strong><span style=\"color: #000000; font-family: 'times new roman', times, serif;\">Oficiul Medicului de Familie Gura Camencii<\/span><\/strong><\/span><\/p>\n<\/td>\n<td style=\"background-color: #33f5e1; width: 34.9731%; text-align: center; border-style: groove; border-color: #030000;\" width=\"132\">\n<p><span style=\"font-size: 20px;\"><strong><span style=\"color: #000000; font-family: 'times new roman', times, serif;\">1<\/span><\/strong><\/span><\/p>\n<\/td>\n<\/tr>\n<tr>\n<td style=\"background-color: #33f5e1; width: 31.3095%; border-style: groove; border-color: #030000;\" width=\"227\">\n<p><span style=\"font-size: 20px;\"><strong><span style=\"color: #000000; font-family: 'times new roman', times, serif;\">Medic de familie<\/span><\/strong><\/span><\/p>\n<\/td>\n<td style=\"background-color: #33f5e1; width: 43.3603%; border-style: groove; border-color: #030000;\" width=\"359\">\n<p><span style=\"font-size: 20px;\"><strong><span style=\"color: #000000; font-family: 'times new roman', times, serif;\">Centrul de S\u0103n\u0103tate T\u00eergul Vertiujeni<\/span><\/strong><\/span><\/p>\n<\/td>\n<td style=\"background-color: #33f5e1; width: 34.9731%; text-align: center; border-style: groove; border-color: #030000;\" width=\"132\">\n<p><span style=\"font-size: 20px;\"><strong><span style=\"color: #000000; font-family: 'times new roman', times, serif;\">1<\/span><\/strong><\/span><\/p>\n<\/td>\n<\/tr>\n<tr>\n<td style=\"background-color: #33f5e1; width: 31.3095%; border-style: groove; border-color: #030000;\">\n<p><span style=\"font-size: 20px; color: #000000;\"><strong><span style=\"font-family: 'times new roman', times, serif;\">Medic de familie<\/span><\/strong><\/span><\/p>\n<\/td>\n<td style=\"background-color: #33f5e1; width: 43.3603%; border-style: groove; border-color: #030000;\"><span style=\"color: #000000;\"><strong><span style=\"font-family: 'times new roman', times, serif; font-size: 20px;\">Oficiul Medicului de Familie V\u0103rv\u0103reuca<\/span><\/strong><\/span><\/td>\n<td style=\"background-color: #33f5e1; width: 34.9731%; text-align: center; border-style: groove; border-color: #030000;\">\n<p><span style=\"font-size: 20px; color: #000000;\"><strong><span style=\"font-family: 'times new roman', times, serif;\">1<\/span><\/strong><\/span><\/p>\n<\/td>\n<\/tr>\n<tr>\n<td style=\"background-color: #33f5e1; width: 31.3095%; border-style: groove; border-color: #030000;\" width=\"227\">\n<p><span style=\"font-size: 20px;\"><strong><span style=\"color: #000000; font-family: 'times new roman', times, serif;\">Medic imagist radiolog<\/span><\/strong><\/span><\/p>\n<\/td>\n<td style=\"background-color: #33f5e1; width: 43.3603%; border-style: groove; border-color: #030000;\" width=\"359\">\n<p><span style=\"font-size: 20px;\"><strong><span style=\"color: #000000; font-family: 'times new roman', times, serif;\">Centrul Medicilor de Familie Flore\u0219ti<\/span><\/strong><\/span><\/p>\n<\/td>\n<td style=\"background-color: #33f5e1; width: 34.9731%; text-align: center; border-style: groove; border-color: #030000;\" width=\"132\">\n<p><span style=\"font-size: 20px;\"><strong><span style=\"color: #000000; font-family: 'times new roman', times, serif;\">1<\/span><\/strong><\/span><\/p>\n<\/td>\n<\/tr>\n<tr>\n<td style=\"background-color: #33f5e1; width: 31.3095%; border-style: groove; border-color: #030000;\" width=\"227\">\n<p><span style=\"font-size: 20px;\"><strong><span style=\"color: #000000; font-family: 'times new roman', times, serif;\">Medic laborant<\/span><\/strong><\/span><\/p>\n<\/td>\n<td style=\"background-color: #33f5e1; width: 43.3603%; border-style: groove; border-color: #030000;\" width=\"359\">\n<p><span style=\"font-size: 20px;\"><strong><span style=\"color: #000000; font-family: 'times new roman', times, serif;\">Centrul Medicilor de Familie Flore\u0219ti<\/span><\/strong><\/span><\/p>\n<\/td>\n<td style=\"background-color: #33f5e1; width: 34.9731%; text-align: center; border-style: groove; border-color: #030000;\" width=\"132\">\n<p><span style=\"font-size: 20px;\"><strong><span style=\"color: #000000; font-family: 'times new roman', times, serif;\">1<\/span><\/strong><\/span><\/p>\n<\/td>\n<\/tr>\n<tr>\n<td style=\"background-color: #33f5e1; width: 31.3095%; border-style: groove; border-color: #030000;\" width=\"227\">\n<p><span style=\"font-size: 20px;\"><strong><span style=\"color: #000000; font-family: 'times new roman', times, serif;\">Medic psihiatru<\/span><\/strong><\/span><\/p>\n<\/td>\n<td style=\"background-color: #33f5e1; width: 43.3603%; border-style: groove; border-color: #030000;\" width=\"359\">\n<p><span style=\"font-size: 20px;\"><strong><span style=\"color: #000000; font-family: 'times new roman', times, serif;\">Centrul Medicilor de Familie Flore\u0219ti (Centrul Comunitar de S\u0103n\u0103tate Mintal\u0103)<\/span><\/strong><\/span><\/p>\n<\/td>\n<td style=\"background-color: #33f5e1; width: 34.9731%; text-align: center; border-style: groove; border-color: #030000;\" width=\"132\">\n<p><span style=\"font-size: 20px;\"><strong><span style=\"color: #000000; font-family: 'times new roman', times, serif;\">1<\/span><\/strong><\/span><\/p>\n<\/td>\n<\/tr>\n<tr>\n<td style=\"background-color: #33f5e1; width: 31.3095%; border-style: groove; border-color: #030000;\" width=\"227\">\n<p><span style=\"font-size: 20px;\"><strong><span style=\"color: #000000; font-family: 'times new roman', times, serif;\">Tehnician radiolog<\/span><\/strong><\/span><\/p>\n<\/td>\n<td style=\"background-color: #33f5e1; width: 43.3603%; border-style: groove; border-color: #030000;\" width=\"359\">\n<p><span style=\"font-size: 20px;\"><strong><span style=\"color: #000000; font-family: 'times new roman', times, serif;\">Centrul Medicilor de Familie Flore\u0219ti<\/span><\/strong><\/span><\/p>\n<\/td>\n<td style=\"background-color: #33f5e1; width: 34.9731%; text-align: center; border-style: groove; border-color: #030000;\" width=\"132\">\n<p><span style=\"font-size: 20px;\"><strong><span style=\"color: #000000; font-family: 'times new roman', times, serif;\">1<\/span><\/strong><\/span><\/p>\n<\/td>\n<\/tr>\n<tr>\n<td style=\"background-color: #33f5e1; width: 31.3095%; border-style: groove; border-color: #030000;\" width=\"227\">\n<p><span style=\"font-size: 20px;\"><strong><span style=\"color: #000000; font-family: 'times new roman', times, serif;\">Asistent medical de familie<\/span><\/strong><\/span><\/p>\n<\/td>\n<td style=\"background-color: #33f5e1; width: 43.3603%; border-style: groove; border-color: #030000;\" width=\"359\">\n<p><span style=\"font-size: 20px;\"><strong><span style=\"color: #000000; font-family: 'times new roman', times, serif;\">Centrul de S\u0103n\u0103tate T\u00eergul Vertiujeni<\/span><\/strong><\/span><\/p>\n<\/td>\n<td style=\"background-color: #33f5e1; width: 34.9731%; text-align: center; border-style: groove; border-color: #030000;\" width=\"132\">\n<p><span style=\"font-size: 20px;\"><strong><span style=\"color: #000000; font-family: 'times new roman', times, serif;\">1<\/span><\/strong><\/span><\/p>\n<\/td>\n<\/tr>\n<tr>\n<td style=\"background-color: #33f5e1; width: 31.3095%; border-style: groove; border-color: #030000;\">\n<p><span style=\"font-size: 20px;\"><strong><span style=\"color: #000000; font-family: 'times new roman', times, serif;\">Asistent medical de familie<\/span><\/strong><\/span><\/p>\n<\/td>\n<td style=\"background-color: #33f5e1; width: 43.3603%; border-style: groove; border-color: #030000;\">\n<p><span style=\"font-size: 20px;\"><strong><span style=\"color: #000000; font-family: 'times new roman', times, serif;\">Oficiul de S\u0103n\u0103tate Bobule\u0219ti <\/span><\/strong><\/span><\/p>\n<\/td>\n<td style=\"background-color: #33f5e1; width: 34.9731%; text-align: center; border-style: groove; border-color: #030000;\">\n<p><span style=\"font-size: 20px;\"><strong><span style=\"color: #000000; font-family: 'times new roman', times, serif;\">1<\/span><\/strong><\/span><\/p>\n<\/td>\n<\/tr>\n<\/tbody>\n<\/table>\n<p>\u00a0<\/p>\n<p><strong><br \/><\/strong> <strong><br \/><\/strong> <strong><br \/><\/strong><\/p>\n<p><strong><em>\u00a0<\/em><\/strong><\/p>\n","protected":false},"excerpt":{"rendered":"<p>Lista locurilor vacante 15.01.2026 Institu\u021bia Localitatea Num\u0103rul de func\u021bii vacante Medic de familie Oficiul Medicului de Familie Gura C\u0103inarului 1 Medic de familie Oficiul Medicului de Familie Gura Camencii 1 Medic de familie Centrul de S\u0103n\u0103tate T\u00eergul Vertiujeni 1 Medic de familie Oficiul Medicului de Familie V\u0103rv\u0103reuca 1 Medic imagist radiolog Centrul Medicilor de Familie [&hellip;]<\/p>\n","protected":false},"author":1,"featured_media":0,"parent":0,"menu_order":0,"comment_status":"closed","ping_status":"closed","template":"","meta":{"footnotes":""},"class_list":["post-176","page","type-page","status-publish","hentry"],"_links":{"self":[{"href":"https:\/\/cmff.md\/index.php?rest_route=\/wp\/v2\/pages\/176","targetHints":{"allow":["GET"]}}],"collection":[{"href":"https:\/\/cmff.md\/index.php?rest_route=\/wp\/v2\/pages"}],"about":[{"href":"https:\/\/cmff.md\/index.php?rest_route=\/wp\/v2\/types\/page"}],"author":[{"embeddable":true,"href":"https:\/\/cmff.md\/index.php?rest_route=\/wp\/v2\/users\/1"}],"replies":[{"embeddable":true,"href":"https:\/\/cmff.md\/index.php?rest_route=%2Fwp%2Fv2%2Fcomments&post=176"}],"version-history":[{"count":68,"href":"https:\/\/cmff.md\/index.php?rest_route=\/wp\/v2\/pages\/176\/revisions"}],"predecessor-version":[{"id":2626,"href":"https:\/\/cmff.md\/index.php?rest_route=\/wp\/v2\/pages\/176\/revisions\/2626"}],"wp:attachment":[{"href":"https:\/\/cmff.md\/index.php?rest_route=%2Fwp%2Fv2%2Fmedia&parent=176"}],"curies":[{"name":"wp","href":"https:\/\/api.w.org\/{rel}","templated":true}]}}